{"id":136,"date":"2018-09-26T19:34:22","date_gmt":"2018-09-26T19:34:22","guid":{"rendered":"https:\/\/setonschool.pl\/?page_id=136"},"modified":"2018-10-02T21:18:51","modified_gmt":"2018-10-02T21:18:51","slug":"grade-1","status":"publish","type":"page","link":"https:\/\/setonschool.pl\/pl\/grade-1\/","title":{"rendered":"Grade 1"},"content":{"rendered":"<div data-elementor-type=\"wp-post\" data-elementor-id=\"136\" class=\"elementor elementor-136 elementor-bc-flex-widget\">\n\t\t\t\t\t\t<section class=\"elementor-section elementor-top-section elementor-element elementor-element-c67a2d6 elementor-section-boxed elementor-section-height-default elementor-section-height-default\" data-id=\"c67a2d6\" data-element_type=\"section\" data-e-type=\"section\">\n\t\t\t\t\t\t<div class=\"elementor-container elementor-column-gap-default\">\n\t\t\t\t\t<div class=\"elementor-column elementor-col-100 elementor-top-column elementor-element elementor-element-a98439f\" data-id=\"a98439f\" data-element_type=\"column\" data-e-type=\"column\">\n\t\t\t<div class=\"elementor-widget-wrap elementor-element-populated\">\n\t\t\t\t\t\t<div class=\"elementor-element elementor-element-6678cd0 elementor-widget elementor-widget-template\" data-id=\"6678cd0\" data-element_type=\"widget\" data-e-type=\"widget\" data-widget_type=\"template.default\">\n\t\t\t\t<div class=\"elementor-widget-container\">\n\t\t\t\t\t\t\t<div class=\"elementor-template\">\n\t\t\t\t\t<div data-elementor-type=\"page\" data-elementor-id=\"434\" class=\"elementor elementor-434 elementor-bc-flex-widget\">\n\t\t\t\t\t\t<section class=\"elementor-section elementor-top-section elementor-element elementor-element-4a217af elementor-section-boxed elementor-section-height-default elementor-section-height-default\" data-id=\"4a217af\" data-element_type=\"section\" data-e-type=\"section\">\n\t\t\t\t\t\t<div class=\"elementor-container elementor-column-gap-default\">\n\t\t\t\t\t<div class=\"elementor-column elementor-col-100 elementor-top-column elementor-element elementor-element-558739d\" data-id=\"558739d\" data-element_type=\"column\" data-e-type=\"column\">\n\t\t\t<div class=\"elementor-widget-wrap elementor-element-populated\">\n\t\t\t\t\t\t<div class=\"elementor-element elementor-element-86e18be elementor-widget elementor-widget-heading\" data-id=\"86e18be\" data-element_type=\"widget\" data-e-type=\"widget\" data-widget_type=\"heading.default\">\n\t\t\t\t<div class=\"elementor-widget-container\">\n\t\t\t\t\t<h2 class=\"elementor-heading-title elementor-size-default\">Poziom 1: Wiek 5-6<\/h2>\t\t\t\t<\/div>\n\t\t\t\t<\/div>\n\t\t\t\t<section class=\"elementor-section elementor-inner-section elementor-element elementor-element-69c5b95 elementor-hidden-tablet elementor-hidden-phone elementor-section-boxed elementor-section-height-default elementor-section-height-default\" data-id=\"69c5b95\" data-element_type=\"section\" data-e-type=\"section\" data-settings=\"{&quot;background_background&quot;:&quot;classic&quot;}\">\n\t\t\t\t\t\t<div class=\"elementor-container elementor-column-gap-default\">\n\t\t\t\t\t<div class=\"elementor-column elementor-col-16 elementor-inner-column elementor-element elementor-element-0adb83f\" data-id=\"0adb83f\" data-element_type=\"column\" data-e-type=\"column\">\n\t\t\t<div class=\"elementor-widget-wrap elementor-element-populated\">\n\t\t\t\t\t\t<div class=\"elementor-element elementor-element-bee8d26 elementor-widget elementor-widget-image\" data-id=\"bee8d26\" data-element_type=\"widget\" data-e-type=\"widget\" data-widget_type=\"image.default\">\n\t\t\t\t<div class=\"elementor-widget-container\">\n\t\t\t\t\t\t\t\t\t\t\t\t\t\t\t<img fetchpriority=\"high\" decoding=\"async\" width=\"474\" height=\"615\" src=\"https:\/\/setonschool.pl\/wp-content\/uploads\/2018\/10\/neslogo022.png\" class=\"attachment-large size-large wp-image-469\" alt=\"\" srcset=\"https:\/\/setonschool.pl\/wp-content\/uploads\/2018\/10\/neslogo022.png 474w, https:\/\/setonschool.pl\/wp-content\/uploads\/2018\/10\/neslogo022-231x300.png 231w\" sizes=\"(max-width: 474px) 100vw, 474px\" \/>\t\t\t\t\t\t\t\t\t\t\t\t\t\t\t<\/div>\n\t\t\t\t<\/div>\n\t\t\t\t\t<\/div>\n\t\t<\/div>\n\t\t\t\t<div class=\"elementor-column elementor-col-16 elementor-inner-column elementor-element elementor-element-ded4d9b\" data-id=\"ded4d9b\" data-element_type=\"column\" data-e-type=\"column\">\n\t\t\t<div class=\"elementor-widget-wrap elementor-element-populated\">\n\t\t\t\t\t\t<div class=\"elementor-element elementor-element-0094868 elementor-widget elementor-widget-image\" data-id=\"0094868\" data-element_type=\"widget\" data-e-type=\"widget\" data-widget_type=\"image.default\">\n\t\t\t\t<div class=\"elementor-widget-container\">\n\t\t\t\t\t\t\t\t\t\t\t\t\t\t\t<img decoding=\"async\" width=\"806\" height=\"618\" src=\"https:\/\/setonschool.pl\/wp-content\/uploads\/2018\/10\/neslogo024.png\" class=\"attachment-large size-large wp-image-471\" alt=\"\" srcset=\"https:\/\/setonschool.pl\/wp-content\/uploads\/2018\/10\/neslogo024.png 806w, https:\/\/setonschool.pl\/wp-content\/uploads\/2018\/10\/neslogo024-600x460.png 600w, https:\/\/setonschool.pl\/wp-content\/uploads\/2018\/10\/neslogo024-300x230.png 300w, https:\/\/setonschool.pl\/wp-content\/uploads\/2018\/10\/neslogo024-768x589.png 768w\" sizes=\"(max-width: 806px) 100vw, 806px\" \/>\t\t\t\t\t\t\t\t\t\t\t\t\t\t\t<\/div>\n\t\t\t\t<\/div>\n\t\t\t\t\t<\/div>\n\t\t<\/div>\n\t\t\t\t<div class=\"elementor-column elementor-col-16 elementor-inner-column elementor-element elementor-element-51307e7\" data-id=\"51307e7\" data-element_type=\"column\" data-e-type=\"column\">\n\t\t\t<div class=\"elementor-widget-wrap elementor-element-populated\">\n\t\t\t\t\t\t<div class=\"elementor-element elementor-element-c547fd2 elementor-widget elementor-widget-image\" data-id=\"c547fd2\" data-element_type=\"widget\" data-e-type=\"widget\" data-widget_type=\"image.default\">\n\t\t\t\t<div class=\"elementor-widget-container\">\n\t\t\t\t\t\t\t\t\t\t\t\t\t\t\t<img decoding=\"async\" width=\"481\" height=\"616\" src=\"https:\/\/setonschool.pl\/wp-content\/uploads\/2018\/10\/phonics1.png\" class=\"attachment-large size-large wp-image-712\" alt=\"\" srcset=\"https:\/\/setonschool.pl\/wp-content\/uploads\/2018\/10\/phonics1.png 481w, https:\/\/setonschool.pl\/wp-content\/uploads\/2018\/10\/phonics1-234x300.png 234w\" sizes=\"(max-width: 481px) 100vw, 481px\" \/>\t\t\t\t\t\t\t\t\t\t\t\t\t\t\t<\/div>\n\t\t\t\t<\/div>\n\t\t\t\t\t<\/div>\n\t\t<\/div>\n\t\t\t\t<div class=\"elementor-column elementor-col-16 elementor-inner-column elementor-element elementor-element-60c8221\" data-id=\"60c8221\" data-element_type=\"column\" data-e-type=\"column\">\n\t\t\t<div class=\"elementor-widget-wrap elementor-element-populated\">\n\t\t\t\t\t\t<div class=\"elementor-element elementor-element-95ba7e9 elementor-widget elementor-widget-image\" data-id=\"95ba7e9\" data-element_type=\"widget\" data-e-type=\"widget\" data-widget_type=\"image.default\">\n\t\t\t\t<div class=\"elementor-widget-container\">\n\t\t\t\t\t\t\t\t\t\t\t\t\t\t\t<img loading=\"lazy\" decoding=\"async\" width=\"502\" height=\"650\" src=\"https:\/\/setonschool.pl\/wp-content\/uploads\/2018\/10\/P-SP01-1125966.jpg\" class=\"attachment-large size-large wp-image-710\" alt=\"\" srcset=\"https:\/\/setonschool.pl\/wp-content\/uploads\/2018\/10\/P-SP01-1125966.jpg 502w, https:\/\/setonschool.pl\/wp-content\/uploads\/2018\/10\/P-SP01-1125966-232x300.jpg 232w\" sizes=\"(max-width: 502px) 100vw, 502px\" \/>\t\t\t\t\t\t\t\t\t\t\t\t\t\t\t<\/div>\n\t\t\t\t<\/div>\n\t\t\t\t\t<\/div>\n\t\t<\/div>\n\t\t\t\t<div class=\"elementor-column elementor-col-16 elementor-inner-column elementor-element elementor-element-2fa31d3\" data-id=\"2fa31d3\" data-element_type=\"column\" data-e-type=\"column\">\n\t\t\t<div class=\"elementor-widget-wrap elementor-element-populated\">\n\t\t\t\t\t\t\t<\/div>\n\t\t<\/div>\n\t\t\t\t<div class=\"elementor-column elementor-col-16 elementor-inner-column elementor-element elementor-element-ddb11b8\" data-id=\"ddb11b8\" data-element_type=\"column\" data-e-type=\"column\">\n\t\t\t<div class=\"elementor-widget-wrap elementor-element-populated\">\n\t\t\t\t\t\t<div class=\"elementor-element elementor-element-5ab1fa0 elementor-nav-menu__align-justify elementor-nav-menu--indicator-classic elementor-nav-menu--dropdown-tablet elementor-nav-menu__text-align-aside elementor-nav-menu--toggle elementor-nav-menu--burger elementor-widget elementor-widget-nav-menu\" data-id=\"5ab1fa0\" data-element_type=\"widget\" data-e-type=\"widget\" data-settings=\"{&quot;layout&quot;:&quot;horizontal&quot;,&quot;toggle&quot;:&quot;burger&quot;}\" data-widget_type=\"nav-menu.default\">\n\t\t\t\t<div class=\"elementor-widget-container\">\n\t\t\t\t\t\t\t\t<nav role=\"navigation\" class=\"elementor-nav-menu--main elementor-nav-menu__container elementor-nav-menu--layout-horizontal e--pointer-background e--animation-fade\"><ul id=\"menu-1-5ab1fa0\" class=\"elementor-nav-menu\"><li class=\"menu-item menu-item-type-post_type menu-item-object-page menu-item-451\"><a href=\"https:\/\/setonschool.pl\/pl\/register-and-enroll\/\" class=\"elementor-item\">Zarejestruj si\u0119 i zapisz<\/a><\/li>\n<li class=\"menu-item menu-item-type-post_type menu-item-object-page menu-item-454\"><a href=\"https:\/\/setonschool.pl\/pl\/purchase-books\/\" class=\"elementor-item\">Kup ksi\u0105\u017cki<\/a><\/li>\n<li class=\"menu-item menu-item-type-post_type menu-item-object-page menu-item-893\"><a href=\"https:\/\/setonschool.pl\/pl\/sell-your-used-books\/\" class=\"elementor-item\">Sprzedaj u\u017cywane ksi\u0105\u017cki<\/a><\/li>\n<\/ul><\/nav>\n\t\t\t\t\t<div class=\"elementor-menu-toggle\" role=\"button\" tabindex=\"0\" aria-label=\"Menu Toggle\" aria-expanded=\"false\">\n\t\t\t<i class=\"eicon-menu-bar\" aria-hidden=\"true\"><\/i>\n\t\t\t<span class=\"elementor-screen-only\">Menu<\/span>\n\t\t<\/div>\n\t\t\t<nav class=\"elementor-nav-menu--dropdown elementor-nav-menu__container\" role=\"navigation\" aria-hidden=\"true\"><ul id=\"menu-2-5ab1fa0\" class=\"elementor-nav-menu\"><li class=\"menu-item menu-item-type-post_type menu-item-object-page menu-item-451\"><a href=\"https:\/\/setonschool.pl\/pl\/register-and-enroll\/\" class=\"elementor-item\">Zarejestruj si\u0119 i zapisz<\/a><\/li>\n<li class=\"menu-item menu-item-type-post_type menu-item-object-page menu-item-454\"><a href=\"https:\/\/setonschool.pl\/pl\/purchase-books\/\" class=\"elementor-item\">Kup ksi\u0105\u017cki<\/a><\/li>\n<li class=\"menu-item menu-item-type-post_type menu-item-object-page menu-item-893\"><a href=\"https:\/\/setonschool.pl\/pl\/sell-your-used-books\/\" class=\"elementor-item\">Sprzedaj u\u017cywane ksi\u0105\u017cki<\/a><\/li>\n<\/ul><\/nav>\n\t\t\t\t\t\t<\/div>\n\t\t\t\t<\/div>\n\t\t\t\t\t<\/div>\n\t\t<\/div>\n\t\t\t\t\t<\/div>\n\t\t<\/section>\n\t\t\t\t\t<\/div>\n\t\t<\/div>\n\t\t\t\t\t<\/div>\n\t\t<\/section>\n\t\t\t\t<section class=\"elementor-section elementor-top-section elementor-element elementor-element-def2f2d elementor-section-boxed elementor-section-height-default elementor-section-height-default\" data-id=\"def2f2d\" data-element_type=\"section\" data-e-type=\"section\">\n\t\t\t\t\t\t<div class=\"elementor-container elementor-column-gap-default\">\n\t\t\t\t\t<div class=\"elementor-column elementor-col-100 elementor-top-column elementor-element elementor-element-d103aa9\" data-id=\"d103aa9\" data-element_type=\"column\" data-e-type=\"column\">\n\t\t\t<div class=\"elementor-widget-wrap elementor-element-populated\">\n\t\t\t\t\t\t<section class=\"elementor-section elementor-inner-section elementor-element elementor-element-4f14363 elementor-section-full_width elementor-reverse-tablet elementor-reverse-mobile elementor-section-height-default elementor-section-height-default\" data-id=\"4f14363\" data-element_type=\"section\" data-e-type=\"section\">\n\t\t\t\t\t\t<div class=\"elementor-container elementor-column-gap-default\">\n\t\t\t\t\t<div class=\"elementor-column elementor-col-50 elementor-inner-column elementor-element elementor-element-94fd519\" data-id=\"94fd519\" data-element_type=\"column\" data-e-type=\"column\">\n\t\t\t<div class=\"elementor-widget-wrap elementor-element-populated\">\n\t\t\t\t\t\t<div class=\"elementor-element elementor-element-3f29780 elementor-widget elementor-widget-text-editor\" data-id=\"3f29780\" data-element_type=\"widget\" data-e-type=\"widget\" data-widget_type=\"text-editor.default\">\n\t\t\t\t<div class=\"elementor-widget-container\">\n\t\t\t\t\t\t\t\t\t<p><strong>Na poziomie 1,<\/strong> dzieci zaczynaj\u0105 poznawa\u0107 s\u0142owa zwi\u0105zane z rytmik\u0105, synonimy, antonimy oraz podstawowe formy skr\u00f3cone.\u00a0Ucz\u0105 si\u0119 podstawowej interpunkcji, zasad pisowni z du\u017cej litery oraz rodzaj\u00f3w zda\u0144.\u00a0Wraz z up\u0142ywem roku, wprowadzane s\u0105 kolejne cz\u0119\u015bci mowy: rzeczowniki, przymiotniki, zaimki i czasowniki, a tak\u017ce \u0107wiczenia kreatywnego pisania.<\/p><p>Na poziomie 1, dzieci r\u00f3wnie\u017c ucz\u0105 si\u0119 pisowni alfabetu, nast\u0119pnie pisania pojedy\u0144czych s\u0142\u00f3w i kr\u00f3tkich tekst\u00f3w.\u00a0\u00a0<\/p><p>Ich nauka jest uzupe\u0142niana przez podr\u0119cznik Phonics. Jego rozdzia\u0142y obejmuj\u0105 d\u0142ugie i kr\u00f3tkie d\u017awi\u0119ki samog\u0142oskowe, pocz\u0105tkowe i ko\u0144cowe d\u017awi\u0119ki sp\u00f3\u0142g\u0142osek, mieszania sp\u00f3\u0142g\u0142osek i kombinacje dw\u00f3ch sp\u00f3\u0142g\u0142osek.\u00a0<\/p><p>Uczniowie ucz\u0105 sie r\u00f3wnie\u017c zastosowanie przyrostk\u00f3w -ed oraz -ing.<\/p><p>Uczniowie poziomu 1 s\u0105 w stanie przej\u015b\u0107 przez podr\u0119czniki z czytankami, np.\u00a0Pre-Primer, This Is Our Family, and\u00a0These Are Our Friends. Celem jest aby uczniowie praktykowali umiej\u0119tno\u015bci czytania na g\u0142os i rozumienia zdobytego s\u0142ownictwa.<\/p><p>Kolejny nacisk k\u0142adziony jest na pisowani\u0119. Lekcje obejmuj\u0105\u00a0\u0107wiczenia oraz kr\u00f3tkie religijne paragrafy, kt\u00f3re wykorzystuj\u0105 list\u0119 s\u0142\u00f3w. \u0106wiczenia\u00a0Rhyme Time,\u00a0ABC Order, i Sounds the Same s\u0105 proste i maj\u0105 na celu zach\u0119ci\u0107 do pisania literowanych s\u0142\u00f3w.\u00a0<\/p>\t\t\t\t\t\t\t\t<\/div>\n\t\t\t\t<\/div>\n\t\t\t\t\t<\/div>\n\t\t<\/div>\n\t\t\t\t<div class=\"elementor-column elementor-col-50 elementor-inner-column elementor-element elementor-element-782cbd7\" data-id=\"782cbd7\" data-element_type=\"column\" data-e-type=\"column\">\n\t\t\t<div class=\"elementor-widget-wrap elementor-element-populated\">\n\t\t\t\t\t\t<div class=\"elementor-element elementor-element-a345ed0 elementor-widget elementor-widget-image\" data-id=\"a345ed0\" data-element_type=\"widget\" data-e-type=\"widget\" data-widget_type=\"image.default\">\n\t\t\t\t<div class=\"elementor-widget-container\">\n\t\t\t\t\t\t\t\t\t\t\t\t\t\t\t<img loading=\"lazy\" decoding=\"async\" width=\"591\" height=\"349\" src=\"https:\/\/setonschool.pl\/wp-content\/uploads\/2018\/10\/age002.png\" class=\"attachment-large size-large wp-image-1097\" alt=\"\" srcset=\"https:\/\/setonschool.pl\/wp-content\/uploads\/2018\/10\/age002.png 591w, https:\/\/setonschool.pl\/wp-content\/uploads\/2018\/10\/age002-300x177.png 300w\" sizes=\"(max-width: 591px) 100vw, 591px\" \/>\t\t\t\t\t\t\t\t\t\t\t\t\t\t\t<\/div>\n\t\t\t\t<\/div>\n\t\t\t\t\t<\/div>\n\t\t<\/div>\n\t\t\t\t\t<\/div>\n\t\t<\/section>\n\t\t\t\t\t<\/div>\n\t\t<\/div>\n\t\t\t\t\t<\/div>\n\t\t<\/section>\n\t\t\t\t<section class=\"elementor-section elementor-top-section elementor-element elementor-element-fc0dd4a elementor-section-boxed elementor-section-height-default elementor-section-height-default\" data-id=\"fc0dd4a\" data-element_type=\"section\" data-e-type=\"section\">\n\t\t\t\t\t\t<div class=\"elementor-container elementor-column-gap-default\">\n\t\t\t\t\t<div class=\"elementor-column elementor-col-100 elementor-top-column elementor-element elementor-element-e50f5ba\" data-id=\"e50f5ba\" data-element_type=\"column\" data-e-type=\"column\">\n\t\t\t<div class=\"elementor-widget-wrap elementor-element-populated\">\n\t\t\t\t\t\t<div class=\"elementor-element elementor-element-b2b4ec9 elementor-hidden-tablet elementor-hidden-phone elementor-widget elementor-widget-spacer\" data-id=\"b2b4ec9\" data-element_type=\"widget\" data-e-type=\"widget\" data-widget_type=\"spacer.default\">\n\t\t\t\t<div class=\"elementor-widget-container\">\n\t\t\t\t\t\t\t<div class=\"elementor-spacer\">\n\t\t\t<div class=\"elementor-spacer-inner\"><\/div>\n\t\t<\/div>\n\t\t\t\t\t\t<\/div>\n\t\t\t\t<\/div>\n\t\t\t\t\t<\/div>\n\t\t<\/div>\n\t\t\t\t\t<\/div>\n\t\t<\/section>\n\t\t\t\t<\/div>\n\t\t\t\t<\/div>\n\t\t\t\t\t\t<\/div>\n\t\t\t\t<\/div>\n\t\t\t\t\t<\/div>\n\t\t<\/div>\n\t\t\t\t\t<\/div>\n\t\t<\/section>\n\t\t\t\t<\/div>","protected":false},"excerpt":{"rendered":"","protected":false},"author":1,"featured_media":0,"parent":0,"menu_order":0,"comment_status":"closed","ping_status":"closed","template":"elementor_header_footer","meta":{"ocean_post_layout":"left-sidebar","ocean_both_sidebars_style":"","ocean_both_sidebars_content_width":0,"ocean_both_sidebars_sidebars_width":0,"ocean_sidebar":"","ocean_second_sidebar":"0","ocean_disable_margins":"enable","ocean_add_body_class":"","ocean_shortcode_before_top_bar":"","ocean_shortcode_after_top_bar":"","ocean_shortcode_before_header":"","ocean_shortcode_after_header":"","ocean_has_shortcode":"","ocean_shortcode_after_title":"","ocean_shortcode_before_footer_widgets":"","ocean_shortcode_after_footer_widgets":"","ocean_shortcode_before_footer_bottom":"","ocean_shortcode_after_footer_bottom":"","ocean_display_top_bar":"default","ocean_display_header":"default","ocean_header_style":"","ocean_center_header_left_menu":"0","ocean_custom_header_template":"0","ocean_custom_logo":0,"ocean_custom_retina_logo":0,"ocean_custom_logo_max_width":0,"ocean_custom_logo_tablet_max_width":0,"ocean_custom_logo_mobile_max_width":0,"ocean_custom_logo_max_height":0,"ocean_custom_logo_tablet_max_height":0,"ocean_custom_logo_mobile_max_height":0,"ocean_header_custom_menu":"0","ocean_menu_typo_font_family":"0","ocean_menu_typo_font_subset":"","ocean_menu_typo_font_size":0,"ocean_menu_typo_font_size_tablet":0,"ocean_menu_typo_font_size_mobile":0,"ocean_menu_typo_font_size_unit":"px","ocean_menu_typo_font_weight":"","ocean_menu_typo_font_weight_tablet":"","ocean_menu_typo_font_weight_mobile":"","ocean_menu_typo_transform":"","ocean_menu_typo_transform_tablet":"","ocean_menu_typo_transform_mobile":"","ocean_menu_typo_line_height":0,"ocean_menu_typo_line_height_tablet":0,"ocean_menu_typo_line_height_mobile":0,"ocean_menu_typo_line_height_unit":"","ocean_menu_typo_spacing":0,"ocean_menu_typo_spacing_tablet":0,"ocean_menu_typo_spacing_mobile":0,"ocean_menu_typo_spacing_unit":"","ocean_menu_link_color":"","ocean_menu_link_color_hover":"","ocean_menu_link_color_active":"","ocean_menu_link_background":"","ocean_menu_link_hover_background":"","ocean_menu_link_active_background":"","ocean_menu_social_links_bg":"","ocean_menu_social_hover_links_bg":"","ocean_menu_social_links_color":"","ocean_menu_social_hover_links_color":"","ocean_disable_title":"default","ocean_disable_heading":"default","ocean_post_title":"","ocean_post_subheading":"","ocean_post_title_style":"","ocean_post_title_background_color":"","ocean_post_title_background":0,"ocean_post_title_bg_image_position":"","ocean_post_title_bg_image_attachment":"","ocean_post_title_bg_image_repeat":"","ocean_post_title_bg_image_size":"","ocean_post_title_height":0,"ocean_post_title_bg_overlay":0.5,"ocean_post_title_bg_overlay_color":"","ocean_disable_breadcrumbs":"default","ocean_breadcrumbs_color":"","ocean_breadcrumbs_separator_color":"","ocean_breadcrumbs_links_color":"","ocean_breadcrumbs_links_hover_color":"","ocean_display_footer_widgets":"default","ocean_display_footer_bottom":"default","ocean_custom_footer_template":"0","footnotes":""},"class_list":["post-136","page","type-page","status-publish","hentry","entry","owp-thumbs-layout-horizontal","owp-btn-normal","owp-tabs-layout-horizontal","has-no-thumbnails","has-product-nav"],"_links":{"self":[{"href":"https:\/\/setonschool.pl\/pl\/wp-json\/wp\/v2\/pages\/136","targetHints":{"allow":["GET"]}}],"collection":[{"href":"https:\/\/setonschool.pl\/pl\/wp-json\/wp\/v2\/pages"}],"about":[{"href":"https:\/\/setonschool.pl\/pl\/wp-json\/wp\/v2\/types\/page"}],"author":[{"embeddable":true,"href":"https:\/\/setonschool.pl\/pl\/wp-json\/wp\/v2\/users\/1"}],"replies":[{"embeddable":true,"href":"https:\/\/setonschool.pl\/pl\/wp-json\/wp\/v2\/comments?post=136"}],"version-history":[{"count":2,"href":"https:\/\/setonschool.pl\/pl\/wp-json\/wp\/v2\/pages\/136\/revisions"}],"predecessor-version":[{"id":442,"href":"https:\/\/setonschool.pl\/pl\/wp-json\/wp\/v2\/pages\/136\/revisions\/442"}],"wp:attachment":[{"href":"https:\/\/setonschool.pl\/pl\/wp-json\/wp\/v2\/media?parent=136"}],"curies":[{"name":"wp","href":"https:\/\/api.w.org\/{rel}","templated":true}]}}