{"id":140,"date":"2018-09-26T19:34:48","date_gmt":"2018-09-26T19:34:48","guid":{"rendered":"https:\/\/setonschool.pl\/?page_id=140"},"modified":"2018-10-20T17:50:26","modified_gmt":"2018-10-20T17:50:26","slug":"grade-3","status":"publish","type":"page","link":"https:\/\/setonschool.pl\/pl\/grade-3\/","title":{"rendered":"Grade 3"},"content":{"rendered":"<div data-elementor-type=\"wp-post\" data-elementor-id=\"140\" class=\"elementor elementor-140 elementor-bc-flex-widget\">\n\t\t\t\t\t\t<section class=\"elementor-section elementor-top-section elementor-element elementor-element-c6a40ee elementor-section-boxed elementor-section-height-default elementor-section-height-default\" data-id=\"c6a40ee\" data-element_type=\"section\" data-e-type=\"section\">\n\t\t\t\t\t\t<div class=\"elementor-container elementor-column-gap-default\">\n\t\t\t\t\t<div class=\"elementor-column elementor-col-100 elementor-top-column elementor-element elementor-element-c4a2a53\" data-id=\"c4a2a53\" data-element_type=\"column\" data-e-type=\"column\">\n\t\t\t<div class=\"elementor-widget-wrap elementor-element-populated\">\n\t\t\t\t\t\t<div class=\"elementor-element elementor-element-3afd3a8 elementor-widget elementor-widget-heading\" data-id=\"3afd3a8\" data-element_type=\"widget\" data-e-type=\"widget\" data-widget_type=\"heading.default\">\n\t\t\t\t<div class=\"elementor-widget-container\">\n\t\t\t\t\t<h2 class=\"elementor-heading-title elementor-size-default\">Poziom 3: Wiek 7-8<\/h2>\t\t\t\t<\/div>\n\t\t\t\t<\/div>\n\t\t\t\t<section class=\"elementor-section elementor-inner-section elementor-element elementor-element-1eb9afb elementor-hidden-tablet elementor-hidden-phone elementor-section-boxed elementor-section-height-default elementor-section-height-default\" data-id=\"1eb9afb\" data-element_type=\"section\" data-e-type=\"section\" data-settings=\"{&quot;background_background&quot;:&quot;classic&quot;}\">\n\t\t\t\t\t\t<div class=\"elementor-container elementor-column-gap-default\">\n\t\t\t\t\t<div class=\"elementor-column elementor-col-12 elementor-inner-column elementor-element elementor-element-08824ab\" data-id=\"08824ab\" data-element_type=\"column\" data-e-type=\"column\">\n\t\t\t<div class=\"elementor-widget-wrap elementor-element-populated\">\n\t\t\t\t\t\t<div class=\"elementor-element elementor-element-a215197 elementor-widget elementor-widget-image\" data-id=\"a215197\" data-element_type=\"widget\" data-e-type=\"widget\" data-widget_type=\"image.default\">\n\t\t\t\t<div class=\"elementor-widget-container\">\n\t\t\t\t\t\t\t\t\t\t\t\t\t\t\t<img fetchpriority=\"high\" decoding=\"async\" width=\"503\" height=\"650\" src=\"https:\/\/setonschool.pl\/wp-content\/uploads\/2018\/10\/P-EN03-1323378.jpg\" class=\"attachment-large size-large wp-image-766\" alt=\"\" srcset=\"https:\/\/setonschool.pl\/wp-content\/uploads\/2018\/10\/P-EN03-1323378.jpg 503w, https:\/\/setonschool.pl\/wp-content\/uploads\/2018\/10\/P-EN03-1323378-232x300.jpg 232w\" sizes=\"(max-width: 503px) 100vw, 503px\" \/>\t\t\t\t\t\t\t\t\t\t\t\t\t\t\t<\/div>\n\t\t\t\t<\/div>\n\t\t\t\t\t<\/div>\n\t\t<\/div>\n\t\t\t\t<div class=\"elementor-column elementor-col-12 elementor-inner-column elementor-element elementor-element-18d8690\" data-id=\"18d8690\" data-element_type=\"column\" data-e-type=\"column\">\n\t\t\t<div class=\"elementor-widget-wrap elementor-element-populated\">\n\t\t\t\t\t\t<div class=\"elementor-element elementor-element-fab8e50 elementor-widget elementor-widget-image\" data-id=\"fab8e50\" data-element_type=\"widget\" data-e-type=\"widget\" data-widget_type=\"image.default\">\n\t\t\t\t<div class=\"elementor-widget-container\">\n\t\t\t\t\t\t\t\t\t\t\t\t\t\t\t<img decoding=\"async\" width=\"491\" height=\"650\" src=\"https:\/\/setonschool.pl\/wp-content\/uploads\/2018\/10\/P-PH03-2126568.jpg\" class=\"attachment-large size-large wp-image-770\" alt=\"\" srcset=\"https:\/\/setonschool.pl\/wp-content\/uploads\/2018\/10\/P-PH03-2126568.jpg 491w, https:\/\/setonschool.pl\/wp-content\/uploads\/2018\/10\/P-PH03-2126568-227x300.jpg 227w\" sizes=\"(max-width: 491px) 100vw, 491px\" \/>\t\t\t\t\t\t\t\t\t\t\t\t\t\t\t<\/div>\n\t\t\t\t<\/div>\n\t\t\t\t\t<\/div>\n\t\t<\/div>\n\t\t\t\t<div class=\"elementor-column elementor-col-12 elementor-inner-column elementor-element elementor-element-ede2f00\" data-id=\"ede2f00\" data-element_type=\"column\" data-e-type=\"column\">\n\t\t\t<div class=\"elementor-widget-wrap elementor-element-populated\">\n\t\t\t\t\t\t<div class=\"elementor-element elementor-element-6a95eca elementor-widget elementor-widget-image\" data-id=\"6a95eca\" data-element_type=\"widget\" data-e-type=\"widget\" data-widget_type=\"image.default\">\n\t\t\t\t<div class=\"elementor-widget-container\">\n\t\t\t\t\t\t\t\t\t\t\t\t\t\t\t<img decoding=\"async\" width=\"500\" height=\"650\" src=\"https:\/\/setonschool.pl\/wp-content\/uploads\/2018\/10\/P-SP03-1126071.jpg\" class=\"attachment-large size-large wp-image-772\" alt=\"\" srcset=\"https:\/\/setonschool.pl\/wp-content\/uploads\/2018\/10\/P-SP03-1126071.jpg 500w, https:\/\/setonschool.pl\/wp-content\/uploads\/2018\/10\/P-SP03-1126071-231x300.jpg 231w\" sizes=\"(max-width: 500px) 100vw, 500px\" \/>\t\t\t\t\t\t\t\t\t\t\t\t\t\t\t<\/div>\n\t\t\t\t<\/div>\n\t\t\t\t\t<\/div>\n\t\t<\/div>\n\t\t\t\t<div class=\"elementor-column elementor-col-12 elementor-inner-column elementor-element elementor-element-4bcb2b9\" data-id=\"4bcb2b9\" data-element_type=\"column\" data-e-type=\"column\">\n\t\t\t<div class=\"elementor-widget-wrap elementor-element-populated\">\n\t\t\t\t\t\t<div class=\"elementor-element elementor-element-0caea9d elementor-widget elementor-widget-image\" data-id=\"0caea9d\" data-element_type=\"widget\" data-e-type=\"widget\" data-widget_type=\"image.default\">\n\t\t\t\t<div class=\"elementor-widget-container\">\n\t\t\t\t\t\t\t\t\t\t\t\t\t\t\t<img loading=\"lazy\" decoding=\"async\" width=\"501\" height=\"650\" src=\"https:\/\/setonschool.pl\/wp-content\/uploads\/2018\/10\/P-RD03-2126124.jpg\" class=\"attachment-large size-large wp-image-771\" alt=\"\" srcset=\"https:\/\/setonschool.pl\/wp-content\/uploads\/2018\/10\/P-RD03-2126124.jpg 501w, https:\/\/setonschool.pl\/wp-content\/uploads\/2018\/10\/P-RD03-2126124-231x300.jpg 231w\" sizes=\"(max-width: 501px) 100vw, 501px\" \/>\t\t\t\t\t\t\t\t\t\t\t\t\t\t\t<\/div>\n\t\t\t\t<\/div>\n\t\t\t\t\t<\/div>\n\t\t<\/div>\n\t\t\t\t<div class=\"elementor-column elementor-col-12 elementor-inner-column elementor-element elementor-element-c689e00\" data-id=\"c689e00\" data-element_type=\"column\" data-e-type=\"column\">\n\t\t\t<div class=\"elementor-widget-wrap elementor-element-populated\">\n\t\t\t\t\t\t<div class=\"elementor-element elementor-element-1672476 elementor-widget elementor-widget-image\" data-id=\"1672476\" data-element_type=\"widget\" data-e-type=\"widget\" data-widget_type=\"image.default\">\n\t\t\t\t<div class=\"elementor-widget-container\">\n\t\t\t\t\t\t\t\t\t\t\t\t\t\t\t<img loading=\"lazy\" decoding=\"async\" width=\"498\" height=\"650\" src=\"https:\/\/setonschool.pl\/wp-content\/uploads\/2018\/10\/P-VO03-2224505.jpg\" class=\"attachment-large size-large wp-image-773\" alt=\"\" srcset=\"https:\/\/setonschool.pl\/wp-content\/uploads\/2018\/10\/P-VO03-2224505.jpg 498w, https:\/\/setonschool.pl\/wp-content\/uploads\/2018\/10\/P-VO03-2224505-230x300.jpg 230w\" sizes=\"(max-width: 498px) 100vw, 498px\" \/>\t\t\t\t\t\t\t\t\t\t\t\t\t\t\t<\/div>\n\t\t\t\t<\/div>\n\t\t\t\t\t<\/div>\n\t\t<\/div>\n\t\t\t\t<div class=\"elementor-column elementor-col-12 elementor-inner-column elementor-element elementor-element-8cba7d1\" data-id=\"8cba7d1\" data-element_type=\"column\" data-e-type=\"column\">\n\t\t\t<div class=\"elementor-widget-wrap elementor-element-populated\">\n\t\t\t\t\t\t\t<\/div>\n\t\t<\/div>\n\t\t\t\t<div class=\"elementor-column elementor-col-12 elementor-inner-column elementor-element elementor-element-9f015a9\" data-id=\"9f015a9\" data-element_type=\"column\" data-e-type=\"column\">\n\t\t\t<div class=\"elementor-widget-wrap elementor-element-populated\">\n\t\t\t\t\t\t\t<\/div>\n\t\t<\/div>\n\t\t\t\t<div class=\"elementor-column elementor-col-12 elementor-inner-column elementor-element elementor-element-0d1a490\" data-id=\"0d1a490\" data-element_type=\"column\" data-e-type=\"column\">\n\t\t\t<div class=\"elementor-widget-wrap elementor-element-populated\">\n\t\t\t\t\t\t<div class=\"elementor-element elementor-element-a6d080b elementor-nav-menu__align-justify elementor-nav-menu--indicator-classic elementor-nav-menu--dropdown-tablet elementor-nav-menu__text-align-aside elementor-nav-menu--toggle elementor-nav-menu--burger elementor-widget elementor-widget-nav-menu\" data-id=\"a6d080b\" data-element_type=\"widget\" data-e-type=\"widget\" data-settings=\"{&quot;layout&quot;:&quot;horizontal&quot;,&quot;toggle&quot;:&quot;burger&quot;}\" data-widget_type=\"nav-menu.default\">\n\t\t\t\t<div class=\"elementor-widget-container\">\n\t\t\t\t\t\t\t\t<nav role=\"navigation\" class=\"elementor-nav-menu--main elementor-nav-menu__container elementor-nav-menu--layout-horizontal e--pointer-background e--animation-fade\"><ul id=\"menu-1-a6d080b\" class=\"elementor-nav-menu\"><li class=\"menu-item menu-item-type-post_type menu-item-object-page menu-item-451\"><a href=\"https:\/\/setonschool.pl\/pl\/register-and-enroll\/\" class=\"elementor-item\">Zarejestruj si\u0119 i zapisz<\/a><\/li>\n<li class=\"menu-item menu-item-type-post_type menu-item-object-page menu-item-454\"><a href=\"https:\/\/setonschool.pl\/pl\/purchase-books\/\" class=\"elementor-item\">Kup ksi\u0105\u017cki<\/a><\/li>\n<li class=\"menu-item menu-item-type-post_type menu-item-object-page menu-item-893\"><a href=\"https:\/\/setonschool.pl\/pl\/sell-your-used-books\/\" class=\"elementor-item\">Sprzedaj u\u017cywane ksi\u0105\u017cki<\/a><\/li>\n<\/ul><\/nav>\n\t\t\t\t\t<div class=\"elementor-menu-toggle\" role=\"button\" tabindex=\"0\" aria-label=\"Menu Toggle\" aria-expanded=\"false\">\n\t\t\t<i class=\"eicon-menu-bar\" aria-hidden=\"true\"><\/i>\n\t\t\t<span class=\"elementor-screen-only\">Menu<\/span>\n\t\t<\/div>\n\t\t\t<nav class=\"elementor-nav-menu--dropdown elementor-nav-menu__container\" role=\"navigation\" aria-hidden=\"true\"><ul id=\"menu-2-a6d080b\" class=\"elementor-nav-menu\"><li class=\"menu-item menu-item-type-post_type menu-item-object-page menu-item-451\"><a href=\"https:\/\/setonschool.pl\/pl\/register-and-enroll\/\" class=\"elementor-item\">Zarejestruj si\u0119 i zapisz<\/a><\/li>\n<li class=\"menu-item menu-item-type-post_type menu-item-object-page menu-item-454\"><a href=\"https:\/\/setonschool.pl\/pl\/purchase-books\/\" class=\"elementor-item\">Kup ksi\u0105\u017cki<\/a><\/li>\n<li class=\"menu-item menu-item-type-post_type menu-item-object-page menu-item-893\"><a href=\"https:\/\/setonschool.pl\/pl\/sell-your-used-books\/\" class=\"elementor-item\">Sprzedaj u\u017cywane ksi\u0105\u017cki<\/a><\/li>\n<\/ul><\/nav>\n\t\t\t\t\t\t<\/div>\n\t\t\t\t<\/div>\n\t\t\t\t\t<\/div>\n\t\t<\/div>\n\t\t\t\t\t<\/div>\n\t\t<\/section>\n\t\t\t\t\t<\/div>\n\t\t<\/div>\n\t\t\t\t\t<\/div>\n\t\t<\/section>\n\t\t\t\t<section class=\"elementor-section elementor-top-section elementor-element elementor-element-91fa4eb elementor-section-boxed elementor-section-height-default elementor-section-height-default\" data-id=\"91fa4eb\" data-element_type=\"section\" data-e-type=\"section\">\n\t\t\t\t\t\t<div class=\"elementor-container elementor-column-gap-default\">\n\t\t\t\t\t<div class=\"elementor-column elementor-col-100 elementor-top-column elementor-element elementor-element-78685a4\" data-id=\"78685a4\" data-element_type=\"column\" data-e-type=\"column\">\n\t\t\t<div class=\"elementor-widget-wrap elementor-element-populated\">\n\t\t\t\t\t\t<section class=\"elementor-section elementor-inner-section elementor-element elementor-element-bc96266 elementor-section-full_width elementor-reverse-tablet elementor-reverse-mobile elementor-section-height-default elementor-section-height-default\" data-id=\"bc96266\" data-element_type=\"section\" data-e-type=\"section\">\n\t\t\t\t\t\t<div class=\"elementor-container elementor-column-gap-default\">\n\t\t\t\t\t<div class=\"elementor-column elementor-col-50 elementor-inner-column elementor-element elementor-element-e26d47c\" data-id=\"e26d47c\" data-element_type=\"column\" data-e-type=\"column\">\n\t\t\t<div class=\"elementor-widget-wrap elementor-element-populated\">\n\t\t\t\t\t\t<div class=\"elementor-element elementor-element-62d21b7 elementor-widget elementor-widget-text-editor\" data-id=\"62d21b7\" data-element_type=\"widget\" data-e-type=\"widget\" data-widget_type=\"text-editor.default\">\n\t\t\t\t<div class=\"elementor-widget-container\">\n\t\t\t\t\t\t\t\t\t<p>Na pozimie 3 dzieci ucz\u0105 si\u0119 pisania paragraf\u00f3w, rzeczownik\u00f3w, zaimk\u00f3w, przymiotnik\u00f3w, czasownik\u00f3w, przys\u0142\u00f3wk\u00f3w, cz\u0119\u015bci mowy i gramatyki. Tematy obejmuj\u0105 g\u0142\u00f3wne cz\u0119\u015bci czasownika takie jak podmioty rozwini\u0119te i orzeczenie. Dzieci ucz\u0105 si\u0119 interpunkcji oraz zasad u\u017cycia wielkiej litery.<\/p><p>Uczniowie b\u0119d\u0105 \u0107wiczy\u0107 pisowni\u0119 u\u017cywaj\u0105c katolickich s\u0142\u00f3w i zda\u0144.\u00a0<\/p><p>R\u00f3\u017cnorodne \u0107wiczenia na poziomie 3 zapewniaj\u0105 uczniom mo\u017cliwo\u015b\u0107 \u0107wiczenia swoich umiej\u0119tno\u015bci akustycznych. Kolorowe i weso\u0142e prezentacje z dobrze zorganizowanymi lekcjami, sprawi\u0105, \u017ce nauka b\u0119dzie przyjemna i skuteczna. Tematy obejmuj\u0105 kr\u00f3tkie i d\u0142ugie samog\u0142oski, samog\u0142oski i sp\u00f3\u0142g\u0142oski, kt\u00f3re wymawia si\u0119 tak samo, przedrostki i przyrostki, a tak\u017ce sylaby, antonimy, synonimy i homofony.<\/p><p>Uczniowie czytaj\u0105c kr\u00f3tkie historyjki z Faith and Freedom: This Is Our Town, This Is Our Valley oraz The Story Tree rozwijaj\u0105 swoje umiej\u0119tno\u015bci czytania. Na trzecim poziomie uczniowie potrafi\u0105 czyta\u0107 p\u0142ynniej. Ucz\u0105 si\u0119 wyci\u0105gania wniosk\u00f3w, u\u017cywania wskaz\u00f3wek, by odkrywa\u0107 znaczenie nowego s\u0142ownictwa. Opowie\u015bci o \u015bw. Ojca Pio i \u015bw. Teresie od Dzieci\u0105tka Jezus s\u0105 przewidziane dla dw\u00f3ch pierwszych recenzji ksi\u0105\u017ckowych. Uczniowie uzupe\u0142niaj\u0105 recenzje ksi\u0105\u017cek poprzez identyfikacj\u0119 tytu\u0142u, autora i g\u0142\u00f3wnych postaci ksi\u0105\u017cki. Uczniowie podsumowuj\u0105 recenzj\u0119, pisz\u0105c akapit o tej historii.\u00a0<\/p><p>Dzieci staj\u0105 si\u0119 bieg\u0142e w zapami\u0119tywaniu i pisowni s\u0142\u00f3w, kt\u00f3re cz\u0119sto wyst\u0119puj\u0105.  Spelling 3 for Young Catholics przedstawia wskaz\u00f3wki i \u0107wiczenia dotycz\u0105ce pisowni, pe\u0142n\u0105 alfabetyczn\u0105 list\u0119 s\u0142\u00f3w i przegl\u0105d podstawowych zasad pisowni.<\/p><p>W Vocabulary 3 For Young Catholics ucze\u0144 pokocha najnowszy zeszyt \u0107wicze\u0144 z naszej serii Vocabulary! Katolicki, \u017cywy i barwnie ilustrowany nowy tekst w ka\u017cdej lekcji zawiera definicje, katolickie zdania i krzy\u017c\u00f3wki. 24 lekcje 10 s\u0142\u00f3wek w ka\u017cdej przedstawione s\u0105 w historiach o \u015bwi\u0119tych, o \u017cyciu rodzinnym i o bohaterach.<\/p>\t\t\t\t\t\t\t\t<\/div>\n\t\t\t\t<\/div>\n\t\t\t\t\t<\/div>\n\t\t<\/div>\n\t\t\t\t<div class=\"elementor-column elementor-col-50 elementor-inner-column elementor-element elementor-element-a8a4552\" data-id=\"a8a4552\" data-element_type=\"column\" data-e-type=\"column\">\n\t\t\t<div class=\"elementor-widget-wrap elementor-element-populated\">\n\t\t\t\t\t\t<div class=\"elementor-element elementor-element-1cb155d elementor-widget elementor-widget-image\" data-id=\"1cb155d\" data-element_type=\"widget\" data-e-type=\"widget\" data-widget_type=\"image.default\">\n\t\t\t\t<div class=\"elementor-widget-container\">\n\t\t\t\t\t\t\t\t\t\t\t\t\t\t\t<img loading=\"lazy\" decoding=\"async\" width=\"580\" height=\"387\" src=\"https:\/\/setonschool.pl\/wp-content\/uploads\/2018\/10\/e09e408b794e8769977ca7e3778174c2-1.jpg\" class=\"attachment-large size-large wp-image-765\" alt=\"\" srcset=\"https:\/\/setonschool.pl\/wp-content\/uploads\/2018\/10\/e09e408b794e8769977ca7e3778174c2-1.jpg 580w, https:\/\/setonschool.pl\/wp-content\/uploads\/2018\/10\/e09e408b794e8769977ca7e3778174c2-1-300x200.jpg 300w\" sizes=\"(max-width: 580px) 100vw, 580px\" \/>\t\t\t\t\t\t\t\t\t\t\t\t\t\t\t<\/div>\n\t\t\t\t<\/div>\n\t\t\t\t\t<\/div>\n\t\t<\/div>\n\t\t\t\t\t<\/div>\n\t\t<\/section>\n\t\t\t\t\t<\/div>\n\t\t<\/div>\n\t\t\t\t\t<\/div>\n\t\t<\/section>\n\t\t\t\t<section class=\"elementor-section elementor-top-section elementor-element elementor-element-8573f74 elementor-section-boxed elementor-section-height-default elementor-section-height-default\" data-id=\"8573f74\" data-element_type=\"section\" data-e-type=\"section\">\n\t\t\t\t\t\t<div class=\"elementor-container elementor-column-gap-default\">\n\t\t\t\t\t<div class=\"elementor-column elementor-col-100 elementor-top-column elementor-element elementor-element-b84d655\" data-id=\"b84d655\" data-element_type=\"column\" data-e-type=\"column\">\n\t\t\t<div class=\"elementor-widget-wrap elementor-element-populated\">\n\t\t\t\t\t\t<div class=\"elementor-element elementor-element-750da69 elementor-hidden-tablet elementor-hidden-phone elementor-widget elementor-widget-spacer\" data-id=\"750da69\" data-element_type=\"widget\" data-e-type=\"widget\" data-widget_type=\"spacer.default\">\n\t\t\t\t<div class=\"elementor-widget-container\">\n\t\t\t\t\t\t\t<div class=\"elementor-spacer\">\n\t\t\t<div class=\"elementor-spacer-inner\"><\/div>\n\t\t<\/div>\n\t\t\t\t\t\t<\/div>\n\t\t\t\t<\/div>\n\t\t\t\t\t<\/div>\n\t\t<\/div>\n\t\t\t\t\t<\/div>\n\t\t<\/section>\n\t\t\t\t<\/div>","protected":false},"excerpt":{"rendered":"<p>Grade 3: Ages 7-8 In Grade 3 children learn paragraph writing, review nouns, pronouns, adjectives, verbs, and adverbs. Students study parts of speech and other grammatical concepts in greater depth. Topics that are introduced include principal parts of the verb as well as compound subjects and predicates. Students practice punctuation, capitalization, and diagramming. Students will [&hellip;]<\/p>\n","protected":false},"author":1,"featured_media":0,"parent":0,"menu_order":0,"comment_status":"closed","ping_status":"closed","template":"elementor_header_footer","meta":{"ocean_post_layout":"","ocean_both_sidebars_style":"","ocean_both_sidebars_content_width":0,"ocean_both_sidebars_sidebars_width":0,"ocean_sidebar":"0","ocean_second_sidebar":"0","ocean_disable_margins":"enable","ocean_add_body_class":"","ocean_shortcode_before_top_bar":"","ocean_shortcode_after_top_bar":"","ocean_shortcode_before_header":"","ocean_shortcode_after_header":"","ocean_has_shortcode":"","ocean_shortcode_after_title":"","ocean_shortcode_before_footer_widgets":"","ocean_shortcode_after_footer_widgets":"","ocean_shortcode_before_footer_bottom":"","ocean_shortcode_after_footer_bottom":"","ocean_display_top_bar":"default","ocean_display_header":"default","ocean_header_style":"","ocean_center_header_left_menu":"0","ocean_custom_header_template":"0","ocean_custom_logo":0,"ocean_custom_retina_logo":0,"ocean_custom_logo_max_width":0,"ocean_custom_logo_tablet_max_width":0,"ocean_custom_logo_mobile_max_width":0,"ocean_custom_logo_max_height":0,"ocean_custom_logo_tablet_max_height":0,"ocean_custom_logo_mobile_max_height":0,"ocean_header_custom_menu":"0","ocean_menu_typo_font_family":"0","ocean_menu_typo_font_subset":"","ocean_menu_typo_font_size":0,"ocean_menu_typo_font_size_tablet":0,"ocean_menu_typo_font_size_mobile":0,"ocean_menu_typo_font_size_unit":"px","ocean_menu_typo_font_weight":"","ocean_menu_typo_font_weight_tablet":"","ocean_menu_typo_font_weight_mobile":"","ocean_menu_typo_transform":"","ocean_menu_typo_transform_tablet":"","ocean_menu_typo_transform_mobile":"","ocean_menu_typo_line_height":0,"ocean_menu_typo_line_height_tablet":0,"ocean_menu_typo_line_height_mobile":0,"ocean_menu_typo_line_height_unit":"","ocean_menu_typo_spacing":0,"ocean_menu_typo_spacing_tablet":0,"ocean_menu_typo_spacing_mobile":0,"ocean_menu_typo_spacing_unit":"","ocean_menu_link_color":"","ocean_menu_link_color_hover":"","ocean_menu_link_color_active":"","ocean_menu_link_background":"","ocean_menu_link_hover_background":"","ocean_menu_link_active_background":"","ocean_menu_social_links_bg":"","ocean_menu_social_hover_links_bg":"","ocean_menu_social_links_color":"","ocean_menu_social_hover_links_color":"","ocean_disable_title":"default","ocean_disable_heading":"default","ocean_post_title":"","ocean_post_subheading":"","ocean_post_title_style":"","ocean_post_title_background_color":"","ocean_post_title_background":0,"ocean_post_title_bg_image_position":"","ocean_post_title_bg_image_attachment":"","ocean_post_title_bg_image_repeat":"","ocean_post_title_bg_image_size":"","ocean_post_title_height":0,"ocean_post_title_bg_overlay":0.5,"ocean_post_title_bg_overlay_color":"","ocean_disable_breadcrumbs":"default","ocean_breadcrumbs_color":"","ocean_breadcrumbs_separator_color":"","ocean_breadcrumbs_links_color":"","ocean_breadcrumbs_links_hover_color":"","ocean_display_footer_widgets":"default","ocean_display_footer_bottom":"default","ocean_custom_footer_template":"0","footnotes":""},"class_list":["post-140","page","type-page","status-publish","hentry","entry","owp-thumbs-layout-horizontal","owp-btn-normal","owp-tabs-layout-horizontal","has-no-thumbnails","has-product-nav"],"_links":{"self":[{"href":"https:\/\/setonschool.pl\/pl\/wp-json\/wp\/v2\/pages\/140","targetHints":{"allow":["GET"]}}],"collection":[{"href":"https:\/\/setonschool.pl\/pl\/wp-json\/wp\/v2\/pages"}],"about":[{"href":"https:\/\/setonschool.pl\/pl\/wp-json\/wp\/v2\/types\/page"}],"author":[{"embeddable":true,"href":"https:\/\/setonschool.pl\/pl\/wp-json\/wp\/v2\/users\/1"}],"replies":[{"embeddable":true,"href":"https:\/\/setonschool.pl\/pl\/wp-json\/wp\/v2\/comments?post=140"}],"version-history":[{"count":25,"href":"https:\/\/setonschool.pl\/pl\/wp-json\/wp\/v2\/pages\/140\/revisions"}],"predecessor-version":[{"id":2037,"href":"https:\/\/setonschool.pl\/pl\/wp-json\/wp\/v2\/pages\/140\/revisions\/2037"}],"wp:attachment":[{"href":"https:\/\/setonschool.pl\/pl\/wp-json\/wp\/v2\/media?parent=140"}],"curies":[{"name":"wp","href":"https:\/\/api.w.org\/{rel}","templated":true}]}}