{"id":142,"date":"2018-09-26T19:34:59","date_gmt":"2018-09-26T19:34:59","guid":{"rendered":"https:\/\/setonschool.pl\/?page_id=142"},"modified":"2018-10-20T18:34:48","modified_gmt":"2018-10-20T18:34:48","slug":"grade-4","status":"publish","type":"page","link":"https:\/\/setonschool.pl\/pl\/grade-4\/","title":{"rendered":"Grade 4"},"content":{"rendered":"<div data-elementor-type=\"wp-post\" data-elementor-id=\"142\" class=\"elementor elementor-142 elementor-bc-flex-widget\">\n\t\t\t\t\t\t<section class=\"elementor-section elementor-top-section elementor-element elementor-element-df04bec elementor-section-boxed elementor-section-height-default elementor-section-height-default\" data-id=\"df04bec\" data-element_type=\"section\" data-e-type=\"section\">\n\t\t\t\t\t\t<div class=\"elementor-container elementor-column-gap-default\">\n\t\t\t\t\t<div class=\"elementor-column elementor-col-100 elementor-top-column elementor-element elementor-element-8121141\" data-id=\"8121141\" data-element_type=\"column\" data-e-type=\"column\">\n\t\t\t<div class=\"elementor-widget-wrap elementor-element-populated\">\n\t\t\t\t\t\t<div class=\"elementor-element elementor-element-98c9fe0 elementor-widget elementor-widget-heading\" data-id=\"98c9fe0\" data-element_type=\"widget\" data-e-type=\"widget\" data-widget_type=\"heading.default\">\n\t\t\t\t<div class=\"elementor-widget-container\">\n\t\t\t\t\t<h2 class=\"elementor-heading-title elementor-size-default\">Poziom 4: Wiek 8-9<\/h2>\t\t\t\t<\/div>\n\t\t\t\t<\/div>\n\t\t\t\t<section class=\"elementor-section elementor-inner-section elementor-element elementor-element-6cdac2a elementor-hidden-tablet elementor-hidden-phone elementor-section-boxed elementor-section-height-default elementor-section-height-default\" data-id=\"6cdac2a\" data-element_type=\"section\" data-e-type=\"section\" data-settings=\"{&quot;background_background&quot;:&quot;classic&quot;}\">\n\t\t\t\t\t\t<div class=\"elementor-container elementor-column-gap-default\">\n\t\t\t\t\t<div class=\"elementor-column elementor-col-12 elementor-inner-column elementor-element elementor-element-1088058\" data-id=\"1088058\" data-element_type=\"column\" data-e-type=\"column\">\n\t\t\t<div class=\"elementor-widget-wrap elementor-element-populated\">\n\t\t\t\t\t\t<div class=\"elementor-element elementor-element-8df4843 elementor-widget elementor-widget-image\" data-id=\"8df4843\" data-element_type=\"widget\" data-e-type=\"widget\" data-widget_type=\"image.default\">\n\t\t\t\t<div class=\"elementor-widget-container\">\n\t\t\t\t\t\t\t\t\t\t\t\t\t\t\t<img fetchpriority=\"high\" decoding=\"async\" width=\"499\" height=\"650\" src=\"https:\/\/setonschool.pl\/wp-content\/uploads\/2018\/10\/P-EN04-1325388.jpg\" class=\"attachment-large size-large wp-image-781\" alt=\"\" srcset=\"https:\/\/setonschool.pl\/wp-content\/uploads\/2018\/10\/P-EN04-1325388.jpg 499w, https:\/\/setonschool.pl\/wp-content\/uploads\/2018\/10\/P-EN04-1325388-230x300.jpg 230w\" sizes=\"(max-width: 499px) 100vw, 499px\" \/>\t\t\t\t\t\t\t\t\t\t\t\t\t\t\t<\/div>\n\t\t\t\t<\/div>\n\t\t\t\t\t<\/div>\n\t\t<\/div>\n\t\t\t\t<div class=\"elementor-column elementor-col-12 elementor-inner-column elementor-element elementor-element-16feef1\" data-id=\"16feef1\" data-element_type=\"column\" data-e-type=\"column\">\n\t\t\t<div class=\"elementor-widget-wrap elementor-element-populated\">\n\t\t\t\t\t\t<div class=\"elementor-element elementor-element-8cfb720 elementor-widget elementor-widget-image\" data-id=\"8cfb720\" data-element_type=\"widget\" data-e-type=\"widget\" data-widget_type=\"image.default\">\n\t\t\t\t<div class=\"elementor-widget-container\">\n\t\t\t\t\t\t\t\t\t\t\t\t\t\t\t<img decoding=\"async\" width=\"507\" height=\"650\" src=\"https:\/\/setonschool.pl\/wp-content\/uploads\/2018\/10\/P-PH04-1127554.jpg\" class=\"attachment-large size-large wp-image-785\" alt=\"\" srcset=\"https:\/\/setonschool.pl\/wp-content\/uploads\/2018\/10\/P-PH04-1127554.jpg 507w, https:\/\/setonschool.pl\/wp-content\/uploads\/2018\/10\/P-PH04-1127554-234x300.jpg 234w\" sizes=\"(max-width: 507px) 100vw, 507px\" \/>\t\t\t\t\t\t\t\t\t\t\t\t\t\t\t<\/div>\n\t\t\t\t<\/div>\n\t\t\t\t\t<\/div>\n\t\t<\/div>\n\t\t\t\t<div class=\"elementor-column elementor-col-12 elementor-inner-column elementor-element elementor-element-61dbdc2\" data-id=\"61dbdc2\" data-element_type=\"column\" data-e-type=\"column\">\n\t\t\t<div class=\"elementor-widget-wrap elementor-element-populated\">\n\t\t\t\t\t\t<div class=\"elementor-element elementor-element-fb1b162 elementor-widget elementor-widget-image\" data-id=\"fb1b162\" data-element_type=\"widget\" data-e-type=\"widget\" data-widget_type=\"image.default\">\n\t\t\t\t<div class=\"elementor-widget-container\">\n\t\t\t\t\t\t\t\t\t\t\t\t\t\t\t<img decoding=\"async\" width=\"500\" height=\"650\" src=\"https:\/\/setonschool.pl\/wp-content\/uploads\/2018\/10\/P-SP04-1123369.jpg\" class=\"attachment-large size-large wp-image-788\" alt=\"\" srcset=\"https:\/\/setonschool.pl\/wp-content\/uploads\/2018\/10\/P-SP04-1123369.jpg 500w, https:\/\/setonschool.pl\/wp-content\/uploads\/2018\/10\/P-SP04-1123369-231x300.jpg 231w\" sizes=\"(max-width: 500px) 100vw, 500px\" \/>\t\t\t\t\t\t\t\t\t\t\t\t\t\t\t<\/div>\n\t\t\t\t<\/div>\n\t\t\t\t\t<\/div>\n\t\t<\/div>\n\t\t\t\t<div class=\"elementor-column elementor-col-12 elementor-inner-column elementor-element elementor-element-66f0349\" data-id=\"66f0349\" data-element_type=\"column\" data-e-type=\"column\">\n\t\t\t<div class=\"elementor-widget-wrap elementor-element-populated\">\n\t\t\t\t\t\t<div class=\"elementor-element elementor-element-398cd98 elementor-widget elementor-widget-image\" data-id=\"398cd98\" data-element_type=\"widget\" data-e-type=\"widget\" data-widget_type=\"image.default\">\n\t\t\t\t<div class=\"elementor-widget-container\">\n\t\t\t\t\t\t\t\t\t\t\t\t\t\t\t<img loading=\"lazy\" decoding=\"async\" width=\"501\" height=\"650\" src=\"https:\/\/setonschool.pl\/wp-content\/uploads\/2018\/10\/P-RD04-1727540.jpg\" class=\"attachment-large size-large wp-image-786\" alt=\"\" srcset=\"https:\/\/setonschool.pl\/wp-content\/uploads\/2018\/10\/P-RD04-1727540.jpg 501w, https:\/\/setonschool.pl\/wp-content\/uploads\/2018\/10\/P-RD04-1727540-231x300.jpg 231w\" sizes=\"(max-width: 501px) 100vw, 501px\" \/>\t\t\t\t\t\t\t\t\t\t\t\t\t\t\t<\/div>\n\t\t\t\t<\/div>\n\t\t\t\t\t<\/div>\n\t\t<\/div>\n\t\t\t\t<div class=\"elementor-column elementor-col-12 elementor-inner-column elementor-element elementor-element-1362878\" data-id=\"1362878\" data-element_type=\"column\" data-e-type=\"column\">\n\t\t\t<div class=\"elementor-widget-wrap elementor-element-populated\">\n\t\t\t\t\t\t<div class=\"elementor-element elementor-element-a0b27c7 elementor-widget elementor-widget-image\" data-id=\"a0b27c7\" data-element_type=\"widget\" data-e-type=\"widget\" data-widget_type=\"image.default\">\n\t\t\t\t<div class=\"elementor-widget-container\">\n\t\t\t\t\t\t\t\t\t\t\t\t\t\t\t<img loading=\"lazy\" decoding=\"async\" width=\"492\" height=\"650\" src=\"https:\/\/setonschool.pl\/wp-content\/uploads\/2018\/10\/P-VO04-2126133.jpg\" class=\"attachment-large size-large wp-image-789\" alt=\"\" srcset=\"https:\/\/setonschool.pl\/wp-content\/uploads\/2018\/10\/P-VO04-2126133.jpg 492w, https:\/\/setonschool.pl\/wp-content\/uploads\/2018\/10\/P-VO04-2126133-227x300.jpg 227w\" sizes=\"(max-width: 492px) 100vw, 492px\" \/>\t\t\t\t\t\t\t\t\t\t\t\t\t\t\t<\/div>\n\t\t\t\t<\/div>\n\t\t\t\t\t<\/div>\n\t\t<\/div>\n\t\t\t\t<div class=\"elementor-column elementor-col-12 elementor-inner-column elementor-element elementor-element-4191732\" data-id=\"4191732\" data-element_type=\"column\" data-e-type=\"column\">\n\t\t\t<div class=\"elementor-widget-wrap elementor-element-populated\">\n\t\t\t\t\t\t\t<\/div>\n\t\t<\/div>\n\t\t\t\t<div class=\"elementor-column elementor-col-12 elementor-inner-column elementor-element elementor-element-ee3f070\" data-id=\"ee3f070\" data-element_type=\"column\" data-e-type=\"column\">\n\t\t\t<div class=\"elementor-widget-wrap elementor-element-populated\">\n\t\t\t\t\t\t\t<\/div>\n\t\t<\/div>\n\t\t\t\t<div class=\"elementor-column elementor-col-12 elementor-inner-column elementor-element elementor-element-a81ca03\" data-id=\"a81ca03\" data-element_type=\"column\" data-e-type=\"column\">\n\t\t\t<div class=\"elementor-widget-wrap elementor-element-populated\">\n\t\t\t\t\t\t<div class=\"elementor-element elementor-element-26ce44a elementor-nav-menu__align-justify elementor-nav-menu--indicator-classic elementor-nav-menu--dropdown-tablet elementor-nav-menu__text-align-aside elementor-nav-menu--toggle elementor-nav-menu--burger elementor-widget elementor-widget-nav-menu\" data-id=\"26ce44a\" data-element_type=\"widget\" data-e-type=\"widget\" data-settings=\"{&quot;layout&quot;:&quot;horizontal&quot;,&quot;toggle&quot;:&quot;burger&quot;}\" data-widget_type=\"nav-menu.default\">\n\t\t\t\t<div class=\"elementor-widget-container\">\n\t\t\t\t\t\t\t\t<nav role=\"navigation\" class=\"elementor-nav-menu--main elementor-nav-menu__container elementor-nav-menu--layout-horizontal e--pointer-background e--animation-fade\"><ul id=\"menu-1-26ce44a\" class=\"elementor-nav-menu\"><li class=\"menu-item menu-item-type-post_type menu-item-object-page menu-item-451\"><a href=\"https:\/\/setonschool.pl\/pl\/register-and-enroll\/\" class=\"elementor-item\">Zarejestruj si\u0119 i zapisz<\/a><\/li>\n<li class=\"menu-item menu-item-type-post_type menu-item-object-page menu-item-454\"><a href=\"https:\/\/setonschool.pl\/pl\/purchase-books\/\" class=\"elementor-item\">Kup ksi\u0105\u017cki<\/a><\/li>\n<li class=\"menu-item menu-item-type-post_type menu-item-object-page menu-item-893\"><a href=\"https:\/\/setonschool.pl\/pl\/sell-your-used-books\/\" class=\"elementor-item\">Sprzedaj u\u017cywane ksi\u0105\u017cki<\/a><\/li>\n<\/ul><\/nav>\n\t\t\t\t\t<div class=\"elementor-menu-toggle\" role=\"button\" tabindex=\"0\" aria-label=\"Menu Toggle\" aria-expanded=\"false\">\n\t\t\t<i class=\"eicon-menu-bar\" aria-hidden=\"true\"><\/i>\n\t\t\t<span class=\"elementor-screen-only\">Menu<\/span>\n\t\t<\/div>\n\t\t\t<nav class=\"elementor-nav-menu--dropdown elementor-nav-menu__container\" role=\"navigation\" aria-hidden=\"true\"><ul id=\"menu-2-26ce44a\" class=\"elementor-nav-menu\"><li class=\"menu-item menu-item-type-post_type menu-item-object-page menu-item-451\"><a href=\"https:\/\/setonschool.pl\/pl\/register-and-enroll\/\" class=\"elementor-item\">Zarejestruj si\u0119 i zapisz<\/a><\/li>\n<li class=\"menu-item menu-item-type-post_type menu-item-object-page menu-item-454\"><a href=\"https:\/\/setonschool.pl\/pl\/purchase-books\/\" class=\"elementor-item\">Kup ksi\u0105\u017cki<\/a><\/li>\n<li class=\"menu-item menu-item-type-post_type menu-item-object-page menu-item-893\"><a href=\"https:\/\/setonschool.pl\/pl\/sell-your-used-books\/\" class=\"elementor-item\">Sprzedaj u\u017cywane ksi\u0105\u017cki<\/a><\/li>\n<\/ul><\/nav>\n\t\t\t\t\t\t<\/div>\n\t\t\t\t<\/div>\n\t\t\t\t\t<\/div>\n\t\t<\/div>\n\t\t\t\t\t<\/div>\n\t\t<\/section>\n\t\t\t\t\t<\/div>\n\t\t<\/div>\n\t\t\t\t\t<\/div>\n\t\t<\/section>\n\t\t\t\t<section class=\"elementor-section elementor-top-section elementor-element elementor-element-350def4 elementor-section-boxed elementor-section-height-default elementor-section-height-default\" data-id=\"350def4\" data-element_type=\"section\" data-e-type=\"section\">\n\t\t\t\t\t\t<div class=\"elementor-container elementor-column-gap-default\">\n\t\t\t\t\t<div class=\"elementor-column elementor-col-100 elementor-top-column elementor-element elementor-element-a0ff7a5\" data-id=\"a0ff7a5\" data-element_type=\"column\" data-e-type=\"column\">\n\t\t\t<div class=\"elementor-widget-wrap elementor-element-populated\">\n\t\t\t\t\t\t<section class=\"elementor-section elementor-inner-section elementor-element elementor-element-2bb7d88 elementor-section-full_width elementor-reverse-tablet elementor-reverse-mobile elementor-section-height-default elementor-section-height-default\" data-id=\"2bb7d88\" data-element_type=\"section\" data-e-type=\"section\">\n\t\t\t\t\t\t<div class=\"elementor-container elementor-column-gap-default\">\n\t\t\t\t\t<div class=\"elementor-column elementor-col-50 elementor-inner-column elementor-element elementor-element-56da509\" data-id=\"56da509\" data-element_type=\"column\" data-e-type=\"column\">\n\t\t\t<div class=\"elementor-widget-wrap elementor-element-populated\">\n\t\t\t\t\t\t<div class=\"elementor-element elementor-element-2d62980 elementor-widget elementor-widget-text-editor\" data-id=\"2d62980\" data-element_type=\"widget\" data-e-type=\"widget\" data-widget_type=\"text-editor.default\">\n\t\t\t\t<div class=\"elementor-widget-container\">\n\t\t\t\t\t\t\t\t\t<p>Na poziomie 4 uczniowie \u0107wicz\u0105 ortografi\u0119, rodzaje zda\u0144, cz\u0119\u015bci mowy, schematy (umo\u017cliwiaj\u0105ce wizualne zrozumienie funkcji ka\u017cdej cz\u0119\u015bci zdania), interpunkcj\u0119 i zasady pisania z du\u017cej litery. Ucz\u0105 si\u0119 pisania list\u00f3w oraz korzystania ze s\u0142ownika. Ucz\u0105c si\u0119 gramatyki uczniowie poznaj\u0105 \u017cycie wielu angielskich m\u0119czennik\u00f3w.<\/p><p>Na tym poziomie dzieci poprawiaj\u0105 swoje umiej\u0119tno\u015bci akustyczne, consonant digraphs, vowel digraphs ,dwug\u0142oski i silent letter. B\u0119d\u0105 rozpoznawa\u0107 s\u0142owa przez analiz\u0119 przedrostk\u00f3w i przyrostk\u00f3w. Celem tego kursu jest podniesienie umiej\u0119tno\u015bci czytania ucznia.<\/p><p>Uczniowie robi\u0105 spory post\u0119p, czytaj\u0105, aby si\u0119 uczy\u0107. Kontynuuj\u0105 seri\u0119 Faith and Freedom z This Is Our Land i Book of Gladness. U\u017cywaj\u0105 Reading 4 for Young Catholics: Comprehension\u00a0and\u00a0Reading 4 for Young Catholics: Thinking Skills zeszyt \u0107wicze\u0144, aby nauczy\u0107 si\u0119 istotnego my\u015blenia. Zaczynaj\u0105 wype\u0142nia\u0107 recenzj\u0119 ksi\u0105\u017cek. Proces tworzenia recenzji ksi\u0105\u017cki jest podzielony na etapy: zbieranie informacji, zbieranie przyk\u0142ad\u00f3w, tworzenie zarysu i pisanie cztero-akapitowego eseju w ksi\u0105\u017cce. Uczniowie pisz\u0105 swoje w\u0142asne pocz\u0105tkowe paragrafy i kluczowe zdania na temat dw\u00f3ch ostatnich recenzji ksi\u0105\u017cki.\u00a0<\/p><p>Do pisowni uczniowie u\u017cywaj\u0105 Spelling 4 for Young Catholics. W ci\u0105gu 36 lekcji czytaj\u0105 historie Starego Testamentu, a nast\u0119pnie przegl\u0105daj\u0105 okre\u015blone zasady pisowni. Ucz\u0105 si\u0119 sylabii i alfabetyzacji, jak r\u00f3wnie\u017c \u0107wicze\u0144 \"Sort by Spelling\", \"Definitions\", \"Missing Words\" i \"Story Time\".<\/p><p>Vocabulary 4 for Young Catholics uczy dzieci 240 nowych s\u0142\u00f3w, aby zwi\u0119kszy\u0107 ich s\u0142ownictwo. Uczniowie rozpoczynaj\u0105 ka\u017cde z dwudziestu czterech lekcji, definiuj\u0105c nowe s\u0142owa. Nast\u0119pnie proszeni s\u0105 o w\u0142a\u015bciwe u\u017cycie s\u0142\u00f3w w wype\u0142nionych pustych zdaniach. Wiele zda\u0144 zawiera tre\u015b\u0107 katolick\u0105 lub patriotyczn\u0105. Ka\u017cdy rozdzia\u0142 ko\u0144czy si\u0119 krzy\u017c\u00f3wk\u0105, w kt\u00f3rej ucze\u0144 ponownie u\u017cywa nowo poznanego s\u0142ownictwa.<\/p>\t\t\t\t\t\t\t\t<\/div>\n\t\t\t\t<\/div>\n\t\t\t\t\t<\/div>\n\t\t<\/div>\n\t\t\t\t<div class=\"elementor-column elementor-col-50 elementor-inner-column elementor-element elementor-element-6d92ace\" data-id=\"6d92ace\" data-element_type=\"column\" data-e-type=\"column\">\n\t\t\t<div class=\"elementor-widget-wrap elementor-element-populated\">\n\t\t\t\t\t\t<div class=\"elementor-element elementor-element-3f9a380 elementor-widget elementor-widget-image\" data-id=\"3f9a380\" data-element_type=\"widget\" data-e-type=\"widget\" data-widget_type=\"image.default\">\n\t\t\t\t<div class=\"elementor-widget-container\">\n\t\t\t\t\t\t\t\t\t\t\t\t\t\t\t<img decoding=\"async\" src=\"https:\/\/setonschool.pl\/wp-content\/uploads\/elementor\/thumbs\/age-1-nxv0rpemkroy0jhh0lzh0aw93z2d2554fpgtrudgas.png\" title=\"age\" alt=\"age\" loading=\"lazy\" \/>\t\t\t\t\t\t\t\t\t\t\t\t\t\t\t<\/div>\n\t\t\t\t<\/div>\n\t\t\t\t\t<\/div>\n\t\t<\/div>\n\t\t\t\t\t<\/div>\n\t\t<\/section>\n\t\t\t\t\t<\/div>\n\t\t<\/div>\n\t\t\t\t\t<\/div>\n\t\t<\/section>\n\t\t\t\t<section class=\"elementor-section elementor-top-section elementor-element elementor-element-e51580f elementor-section-boxed elementor-section-height-default elementor-section-height-default\" data-id=\"e51580f\" data-element_type=\"section\" data-e-type=\"section\">\n\t\t\t\t\t\t<div class=\"elementor-container elementor-column-gap-default\">\n\t\t\t\t\t<div class=\"elementor-column elementor-col-100 elementor-top-column elementor-element elementor-element-56f18cb\" data-id=\"56f18cb\" data-element_type=\"column\" data-e-type=\"column\">\n\t\t\t<div class=\"elementor-widget-wrap elementor-element-populated\">\n\t\t\t\t\t\t<div class=\"elementor-element elementor-element-77590e0 elementor-hidden-tablet elementor-hidden-phone elementor-widget elementor-widget-spacer\" data-id=\"77590e0\" data-element_type=\"widget\" data-e-type=\"widget\" data-widget_type=\"spacer.default\">\n\t\t\t\t<div class=\"elementor-widget-container\">\n\t\t\t\t\t\t\t<div class=\"elementor-spacer\">\n\t\t\t<div class=\"elementor-spacer-inner\"><\/div>\n\t\t<\/div>\n\t\t\t\t\t\t<\/div>\n\t\t\t\t<\/div>\n\t\t\t\t\t<\/div>\n\t\t<\/div>\n\t\t\t\t\t<\/div>\n\t\t<\/section>\n\t\t\t\t<\/div>","protected":false},"excerpt":{"rendered":"<p>Grade 4: Ages 8-9 In Grade 4 students have practices in word study, sentence types, parts of speech, diagramming, punctuation, and capitalization. Letter writing and dictionary\/library skills are also studied. The student\u2019s skills in paragraph composition are developed and put into practice in writing assignments. While studying grammar, students learn about the lives of many [&hellip;]<\/p>\n","protected":false},"author":1,"featured_media":0,"parent":0,"menu_order":0,"comment_status":"closed","ping_status":"closed","template":"elementor_header_footer","meta":{"ocean_post_layout":"","ocean_both_sidebars_style":"","ocean_both_sidebars_content_width":0,"ocean_both_sidebars_sidebars_width":0,"ocean_sidebar":"0","ocean_second_sidebar":"0","ocean_disable_margins":"enable","ocean_add_body_class":"","ocean_shortcode_before_top_bar":"","ocean_shortcode_after_top_bar":"","ocean_shortcode_before_header":"","ocean_shortcode_after_header":"","ocean_has_shortcode":"","ocean_shortcode_after_title":"","ocean_shortcode_before_footer_widgets":"","ocean_shortcode_after_footer_widgets":"","ocean_shortcode_before_footer_bottom":"","ocean_shortcode_after_footer_bottom":"","ocean_display_top_bar":"default","ocean_display_header":"default","ocean_header_style":"","ocean_center_header_left_menu":"0","ocean_custom_header_template":"0","ocean_custom_logo":0,"ocean_custom_retina_logo":0,"ocean_custom_logo_max_width":0,"ocean_custom_logo_tablet_max_width":0,"ocean_custom_logo_mobile_max_width":0,"ocean_custom_logo_max_height":0,"ocean_custom_logo_tablet_max_height":0,"ocean_custom_logo_mobile_max_height":0,"ocean_header_custom_menu":"0","ocean_menu_typo_font_family":"0","ocean_menu_typo_font_subset":"","ocean_menu_typo_font_size":0,"ocean_menu_typo_font_size_tablet":0,"ocean_menu_typo_font_size_mobile":0,"ocean_menu_typo_font_size_unit":"px","ocean_menu_typo_font_weight":"","ocean_menu_typo_font_weight_tablet":"","ocean_menu_typo_font_weight_mobile":"","ocean_menu_typo_transform":"","ocean_menu_typo_transform_tablet":"","ocean_menu_typo_transform_mobile":"","ocean_menu_typo_line_height":0,"ocean_menu_typo_line_height_tablet":0,"ocean_menu_typo_line_height_mobile":0,"ocean_menu_typo_line_height_unit":"","ocean_menu_typo_spacing":0,"ocean_menu_typo_spacing_tablet":0,"ocean_menu_typo_spacing_mobile":0,"ocean_menu_typo_spacing_unit":"","ocean_menu_link_color":"","ocean_menu_link_color_hover":"","ocean_menu_link_color_active":"","ocean_menu_link_background":"","ocean_menu_link_hover_background":"","ocean_menu_link_active_background":"","ocean_menu_social_links_bg":"","ocean_menu_social_hover_links_bg":"","ocean_menu_social_links_color":"","ocean_menu_social_hover_links_color":"","ocean_disable_title":"default","ocean_disable_heading":"default","ocean_post_title":"","ocean_post_subheading":"","ocean_post_title_style":"","ocean_post_title_background_color":"","ocean_post_title_background":0,"ocean_post_title_bg_image_position":"","ocean_post_title_bg_image_attachment":"","ocean_post_title_bg_image_repeat":"","ocean_post_title_bg_image_size":"","ocean_post_title_height":0,"ocean_post_title_bg_overlay":0.5,"ocean_post_title_bg_overlay_color":"","ocean_disable_breadcrumbs":"default","ocean_breadcrumbs_color":"","ocean_breadcrumbs_separator_color":"","ocean_breadcrumbs_links_color":"","ocean_breadcrumbs_links_hover_color":"","ocean_display_footer_widgets":"default","ocean_display_footer_bottom":"default","ocean_custom_footer_template":"0","footnotes":""},"class_list":["post-142","page","type-page","status-publish","hentry","entry","owp-thumbs-layout-horizontal","owp-btn-normal","owp-tabs-layout-horizontal","has-no-thumbnails","has-product-nav"],"_links":{"self":[{"href":"https:\/\/setonschool.pl\/pl\/wp-json\/wp\/v2\/pages\/142","targetHints":{"allow":["GET"]}}],"collection":[{"href":"https:\/\/setonschool.pl\/pl\/wp-json\/wp\/v2\/pages"}],"about":[{"href":"https:\/\/setonschool.pl\/pl\/wp-json\/wp\/v2\/types\/page"}],"author":[{"embeddable":true,"href":"https:\/\/setonschool.pl\/pl\/wp-json\/wp\/v2\/users\/1"}],"replies":[{"embeddable":true,"href":"https:\/\/setonschool.pl\/pl\/wp-json\/wp\/v2\/comments?post=142"}],"version-history":[{"count":28,"href":"https:\/\/setonschool.pl\/pl\/wp-json\/wp\/v2\/pages\/142\/revisions"}],"predecessor-version":[{"id":2056,"href":"https:\/\/setonschool.pl\/pl\/wp-json\/wp\/v2\/pages\/142\/revisions\/2056"}],"wp:attachment":[{"href":"https:\/\/setonschool.pl\/pl\/wp-json\/wp\/v2\/media?parent=142"}],"curies":[{"name":"wp","href":"https:\/\/api.w.org\/{rel}","templated":true}]}}