{"id":150,"date":"2018-09-26T19:35:55","date_gmt":"2018-09-26T19:35:55","guid":{"rendered":"https:\/\/setonschool.pl\/?page_id=150"},"modified":"2018-10-20T18:28:28","modified_gmt":"2018-10-20T18:28:28","slug":"grade-6","status":"publish","type":"page","link":"https:\/\/setonschool.pl\/pl\/grade-6\/","title":{"rendered":"Grade 6"},"content":{"rendered":"<div data-elementor-type=\"wp-post\" data-elementor-id=\"150\" class=\"elementor elementor-150 elementor-bc-flex-widget\">\n\t\t\t\t\t\t<section class=\"elementor-section elementor-top-section elementor-element elementor-element-9aa3ca4 elementor-section-boxed elementor-section-height-default elementor-section-height-default\" data-id=\"9aa3ca4\" data-element_type=\"section\" data-e-type=\"section\">\n\t\t\t\t\t\t<div class=\"elementor-container elementor-column-gap-default\">\n\t\t\t\t\t<div class=\"elementor-column elementor-col-100 elementor-top-column elementor-element elementor-element-b19711c\" data-id=\"b19711c\" data-element_type=\"column\" data-e-type=\"column\">\n\t\t\t<div class=\"elementor-widget-wrap elementor-element-populated\">\n\t\t\t\t\t\t<div class=\"elementor-element elementor-element-18b5c20 elementor-widget elementor-widget-heading\" data-id=\"18b5c20\" data-element_type=\"widget\" data-e-type=\"widget\" data-widget_type=\"heading.default\">\n\t\t\t\t<div class=\"elementor-widget-container\">\n\t\t\t\t\t<h2 class=\"elementor-heading-title elementor-size-default\">Poziom 6: Wiek 10-11<\/h2>\t\t\t\t<\/div>\n\t\t\t\t<\/div>\n\t\t\t\t<section class=\"elementor-section elementor-inner-section elementor-element elementor-element-30f75a9 elementor-hidden-tablet elementor-hidden-phone elementor-section-boxed elementor-section-height-default elementor-section-height-default\" data-id=\"30f75a9\" data-element_type=\"section\" data-e-type=\"section\" data-settings=\"{&quot;background_background&quot;:&quot;classic&quot;}\">\n\t\t\t\t\t\t<div class=\"elementor-container elementor-column-gap-default\">\n\t\t\t\t\t<div class=\"elementor-column elementor-col-12 elementor-inner-column elementor-element elementor-element-81e9e2a\" data-id=\"81e9e2a\" data-element_type=\"column\" data-e-type=\"column\">\n\t\t\t<div class=\"elementor-widget-wrap elementor-element-populated\">\n\t\t\t\t\t\t<div class=\"elementor-element elementor-element-effab2b elementor-widget elementor-widget-image\" data-id=\"effab2b\" data-element_type=\"widget\" data-e-type=\"widget\" data-widget_type=\"image.default\">\n\t\t\t\t<div class=\"elementor-widget-container\">\n\t\t\t\t\t\t\t\t\t\t\t\t\t\t\t<img fetchpriority=\"high\" decoding=\"async\" width=\"460\" height=\"680\" src=\"https:\/\/setonschool.pl\/wp-content\/uploads\/2018\/10\/P-EN06-1330080.jpg\" class=\"attachment-large size-large wp-image-1026\" alt=\"\" srcset=\"https:\/\/setonschool.pl\/wp-content\/uploads\/2018\/10\/P-EN06-1330080.jpg 460w, https:\/\/setonschool.pl\/wp-content\/uploads\/2018\/10\/P-EN06-1330080-203x300.jpg 203w\" sizes=\"(max-width: 460px) 100vw, 460px\" \/>\t\t\t\t\t\t\t\t\t\t\t\t\t\t\t<\/div>\n\t\t\t\t<\/div>\n\t\t\t\t\t<\/div>\n\t\t<\/div>\n\t\t\t\t<div class=\"elementor-column elementor-col-12 elementor-inner-column elementor-element elementor-element-376654b\" data-id=\"376654b\" data-element_type=\"column\" data-e-type=\"column\">\n\t\t\t<div class=\"elementor-widget-wrap elementor-element-populated\">\n\t\t\t\t\t\t<div class=\"elementor-element elementor-element-f53eb1d elementor-widget elementor-widget-image\" data-id=\"f53eb1d\" data-element_type=\"widget\" data-e-type=\"widget\" data-widget_type=\"image.default\">\n\t\t\t\t<div class=\"elementor-widget-container\">\n\t\t\t\t\t\t\t\t\t\t\t\t\t\t\t<img decoding=\"async\" width=\"495\" height=\"650\" src=\"https:\/\/setonschool.pl\/wp-content\/uploads\/2018\/10\/P-RD06-1526093.jpg\" class=\"attachment-large size-large wp-image-1028\" alt=\"\" srcset=\"https:\/\/setonschool.pl\/wp-content\/uploads\/2018\/10\/P-RD06-1526093.jpg 495w, https:\/\/setonschool.pl\/wp-content\/uploads\/2018\/10\/P-RD06-1526093-228x300.jpg 228w\" sizes=\"(max-width: 495px) 100vw, 495px\" \/>\t\t\t\t\t\t\t\t\t\t\t\t\t\t\t<\/div>\n\t\t\t\t<\/div>\n\t\t\t\t\t<\/div>\n\t\t<\/div>\n\t\t\t\t<div class=\"elementor-column elementor-col-12 elementor-inner-column elementor-element elementor-element-34627f1\" data-id=\"34627f1\" data-element_type=\"column\" data-e-type=\"column\">\n\t\t\t<div class=\"elementor-widget-wrap elementor-element-populated\">\n\t\t\t\t\t\t<div class=\"elementor-element elementor-element-685e567 elementor-widget elementor-widget-image\" data-id=\"685e567\" data-element_type=\"widget\" data-e-type=\"widget\" data-widget_type=\"image.default\">\n\t\t\t\t<div class=\"elementor-widget-container\">\n\t\t\t\t\t\t\t\t\t\t\t\t\t\t\t<img decoding=\"async\" width=\"502\" height=\"650\" src=\"https:\/\/setonschool.pl\/wp-content\/uploads\/2018\/10\/P-RD06-1327511.jpg\" class=\"attachment-large size-large wp-image-1027\" alt=\"\" srcset=\"https:\/\/setonschool.pl\/wp-content\/uploads\/2018\/10\/P-RD06-1327511.jpg 502w, https:\/\/setonschool.pl\/wp-content\/uploads\/2018\/10\/P-RD06-1327511-232x300.jpg 232w\" sizes=\"(max-width: 502px) 100vw, 502px\" \/>\t\t\t\t\t\t\t\t\t\t\t\t\t\t\t<\/div>\n\t\t\t\t<\/div>\n\t\t\t\t\t<\/div>\n\t\t<\/div>\n\t\t\t\t<div class=\"elementor-column elementor-col-12 elementor-inner-column elementor-element elementor-element-550be74\" data-id=\"550be74\" data-element_type=\"column\" data-e-type=\"column\">\n\t\t\t<div class=\"elementor-widget-wrap elementor-element-populated\">\n\t\t\t\t\t\t<div class=\"elementor-element elementor-element-bb17985 elementor-widget elementor-widget-image\" data-id=\"bb17985\" data-element_type=\"widget\" data-e-type=\"widget\" data-widget_type=\"image.default\">\n\t\t\t\t<div class=\"elementor-widget-container\">\n\t\t\t\t\t\t\t\t\t\t\t\t\t\t\t<img loading=\"lazy\" decoding=\"async\" width=\"501\" height=\"650\" src=\"https:\/\/setonschool.pl\/wp-content\/uploads\/2018\/10\/P-SP06-1123375.jpg\" class=\"attachment-large size-large wp-image-1029\" alt=\"\" srcset=\"https:\/\/setonschool.pl\/wp-content\/uploads\/2018\/10\/P-SP06-1123375.jpg 501w, https:\/\/setonschool.pl\/wp-content\/uploads\/2018\/10\/P-SP06-1123375-231x300.jpg 231w\" sizes=\"(max-width: 501px) 100vw, 501px\" \/>\t\t\t\t\t\t\t\t\t\t\t\t\t\t\t<\/div>\n\t\t\t\t<\/div>\n\t\t\t\t\t<\/div>\n\t\t<\/div>\n\t\t\t\t<div class=\"elementor-column elementor-col-12 elementor-inner-column elementor-element elementor-element-13f46b9\" data-id=\"13f46b9\" data-element_type=\"column\" data-e-type=\"column\">\n\t\t\t<div class=\"elementor-widget-wrap elementor-element-populated\">\n\t\t\t\t\t\t<div class=\"elementor-element elementor-element-0fc4127 elementor-widget elementor-widget-image\" data-id=\"0fc4127\" data-element_type=\"widget\" data-e-type=\"widget\" data-widget_type=\"image.default\">\n\t\t\t\t<div class=\"elementor-widget-container\">\n\t\t\t\t\t\t\t\t\t\t\t\t\t\t\t<img loading=\"lazy\" decoding=\"async\" width=\"498\" height=\"650\" src=\"https:\/\/setonschool.pl\/wp-content\/uploads\/2018\/10\/P-VO06-2127074.jpg\" class=\"attachment-large size-large wp-image-1030\" alt=\"\" srcset=\"https:\/\/setonschool.pl\/wp-content\/uploads\/2018\/10\/P-VO06-2127074.jpg 498w, https:\/\/setonschool.pl\/wp-content\/uploads\/2018\/10\/P-VO06-2127074-230x300.jpg 230w\" sizes=\"(max-width: 498px) 100vw, 498px\" \/>\t\t\t\t\t\t\t\t\t\t\t\t\t\t\t<\/div>\n\t\t\t\t<\/div>\n\t\t\t\t\t<\/div>\n\t\t<\/div>\n\t\t\t\t<div class=\"elementor-column elementor-col-12 elementor-inner-column elementor-element elementor-element-e8a4846\" data-id=\"e8a4846\" data-element_type=\"column\" data-e-type=\"column\">\n\t\t\t<div class=\"elementor-widget-wrap elementor-element-populated\">\n\t\t\t\t\t\t\t<\/div>\n\t\t<\/div>\n\t\t\t\t<div class=\"elementor-column elementor-col-12 elementor-inner-column elementor-element elementor-element-35dfc94\" data-id=\"35dfc94\" data-element_type=\"column\" data-e-type=\"column\">\n\t\t\t<div class=\"elementor-widget-wrap elementor-element-populated\">\n\t\t\t\t\t\t\t<\/div>\n\t\t<\/div>\n\t\t\t\t<div class=\"elementor-column elementor-col-12 elementor-inner-column elementor-element elementor-element-78e92b2\" data-id=\"78e92b2\" data-element_type=\"column\" data-e-type=\"column\">\n\t\t\t<div class=\"elementor-widget-wrap elementor-element-populated\">\n\t\t\t\t\t\t<div class=\"elementor-element elementor-element-9ba7f17 elementor-nav-menu__align-justify elementor-nav-menu--indicator-classic elementor-nav-menu--dropdown-tablet elementor-nav-menu__text-align-aside elementor-nav-menu--toggle elementor-nav-menu--burger elementor-widget elementor-widget-nav-menu\" data-id=\"9ba7f17\" data-element_type=\"widget\" data-e-type=\"widget\" data-settings=\"{&quot;layout&quot;:&quot;horizontal&quot;,&quot;toggle&quot;:&quot;burger&quot;}\" data-widget_type=\"nav-menu.default\">\n\t\t\t\t<div class=\"elementor-widget-container\">\n\t\t\t\t\t\t\t\t<nav role=\"navigation\" class=\"elementor-nav-menu--main elementor-nav-menu__container elementor-nav-menu--layout-horizontal e--pointer-background e--animation-fade\"><ul id=\"menu-1-9ba7f17\" class=\"elementor-nav-menu\"><li class=\"menu-item menu-item-type-post_type menu-item-object-page menu-item-451\"><a href=\"https:\/\/setonschool.pl\/pl\/register-and-enroll\/\" class=\"elementor-item\">Zarejestruj si\u0119 i zapisz<\/a><\/li>\n<li class=\"menu-item menu-item-type-post_type menu-item-object-page menu-item-454\"><a href=\"https:\/\/setonschool.pl\/pl\/purchase-books\/\" class=\"elementor-item\">Kup ksi\u0105\u017cki<\/a><\/li>\n<li class=\"menu-item menu-item-type-post_type menu-item-object-page menu-item-893\"><a href=\"https:\/\/setonschool.pl\/pl\/sell-your-used-books\/\" class=\"elementor-item\">Sprzedaj u\u017cywane ksi\u0105\u017cki<\/a><\/li>\n<\/ul><\/nav>\n\t\t\t\t\t<div class=\"elementor-menu-toggle\" role=\"button\" tabindex=\"0\" aria-label=\"Menu Toggle\" aria-expanded=\"false\">\n\t\t\t<i class=\"eicon-menu-bar\" aria-hidden=\"true\"><\/i>\n\t\t\t<span class=\"elementor-screen-only\">Menu<\/span>\n\t\t<\/div>\n\t\t\t<nav class=\"elementor-nav-menu--dropdown elementor-nav-menu__container\" role=\"navigation\" aria-hidden=\"true\"><ul id=\"menu-2-9ba7f17\" class=\"elementor-nav-menu\"><li class=\"menu-item menu-item-type-post_type menu-item-object-page menu-item-451\"><a href=\"https:\/\/setonschool.pl\/pl\/register-and-enroll\/\" class=\"elementor-item\">Zarejestruj si\u0119 i zapisz<\/a><\/li>\n<li class=\"menu-item menu-item-type-post_type menu-item-object-page menu-item-454\"><a href=\"https:\/\/setonschool.pl\/pl\/purchase-books\/\" class=\"elementor-item\">Kup ksi\u0105\u017cki<\/a><\/li>\n<li class=\"menu-item menu-item-type-post_type menu-item-object-page menu-item-893\"><a href=\"https:\/\/setonschool.pl\/pl\/sell-your-used-books\/\" class=\"elementor-item\">Sprzedaj u\u017cywane ksi\u0105\u017cki<\/a><\/li>\n<\/ul><\/nav>\n\t\t\t\t\t\t<\/div>\n\t\t\t\t<\/div>\n\t\t\t\t\t<\/div>\n\t\t<\/div>\n\t\t\t\t\t<\/div>\n\t\t<\/section>\n\t\t\t\t\t<\/div>\n\t\t<\/div>\n\t\t\t\t\t<\/div>\n\t\t<\/section>\n\t\t\t\t<section class=\"elementor-section elementor-top-section elementor-element elementor-element-8079f77 elementor-section-boxed elementor-section-height-default elementor-section-height-default\" data-id=\"8079f77\" data-element_type=\"section\" data-e-type=\"section\">\n\t\t\t\t\t\t<div class=\"elementor-container elementor-column-gap-default\">\n\t\t\t\t\t<div class=\"elementor-column elementor-col-100 elementor-top-column elementor-element elementor-element-c9c3f71\" data-id=\"c9c3f71\" data-element_type=\"column\" data-e-type=\"column\">\n\t\t\t<div class=\"elementor-widget-wrap elementor-element-populated\">\n\t\t\t\t\t\t<section class=\"elementor-section elementor-inner-section elementor-element elementor-element-ade2af4 elementor-section-full_width elementor-reverse-tablet elementor-reverse-mobile elementor-section-height-default elementor-section-height-default\" data-id=\"ade2af4\" data-element_type=\"section\" data-e-type=\"section\">\n\t\t\t\t\t\t<div class=\"elementor-container elementor-column-gap-default\">\n\t\t\t\t\t<div class=\"elementor-column elementor-col-50 elementor-inner-column elementor-element elementor-element-01a7883\" data-id=\"01a7883\" data-element_type=\"column\" data-e-type=\"column\">\n\t\t\t<div class=\"elementor-widget-wrap elementor-element-populated\">\n\t\t\t\t\t\t<div class=\"elementor-element elementor-element-ff20b49 elementor-widget elementor-widget-text-editor\" data-id=\"ff20b49\" data-element_type=\"widget\" data-e-type=\"widget\" data-widget_type=\"text-editor.default\">\n\t\t\t\t<div class=\"elementor-widget-container\">\n\t\t\t\t\t\t\t\t\t<p>W\u00a0English 6 for Young Catholics wprowadzono zdania niezale\u017cne i z\u0142o\u017cone. Dzieci na tym poziomie doskonal\u0105 swoje umiej\u0119tno\u015bci interpunkcji, cz\u0119\u015bci mowy, element\u00f3w akapitu i tworzenia diagram\u00f3w zda\u0144. Uczniowie nast\u0119pnie pokazuj\u0105 te umiej\u0119tno\u015bci w listach, przem\u00f3wieniach i paragrafach. W paragrafach na temat fragment\u00f3w z Pisma \u015awi\u0119tego uczniowie wykraczaj\u0105 poza podsumowany materia\u0142 i u\u017cywaj\u0105 przyk\u0142ad\u00f3w popieraj\u0105cych wnioski tego, co przeczytali.<\/p><p>Uczniowie pracuj\u0105 z Faith and Freedom: This Is Our Heritage i Book of Valor. Nadal szkol\u0105 swoje umiej\u0119tno\u015bci u\u017cywaj\u0105c Reading 6 for Young Catholics: Comprehension\u00a0and\u00a0Reading 6 for Young Catholics: Thinking Skills\u00a0workbooks. Wymagane s\u0105 cztery sprawozdania z ksi\u0105\u017cek, kt\u00f3re zachowuj\u0105 ten sam format, kt\u00f3rego uczy\u0142 si\u0119 na pi\u0105tym poziomie. W raportach z trzeciego i czwartego kwarta\u0142u uczniowie opieraj\u0105 si\u0119 na w\u0142asnych umiej\u0119tno\u015bciach pisania i analizowania, aby pisa\u0107 kluczowe zdania.<\/p><p>In\u00a0Spelling 6 for Young Catholics uczniowie na 36 lekcjach ucz\u0105 si\u0119 pisowni s\u0142\u00f3w przy r\u00f3\u017cnych \u0107wiczeniach, a nast\u0119pnie czytaj\u0105 je w paragrafach dotycz\u0105cych \u015bwi\u0119tych i historii Old Word. S\u0105 te\u017c \u0107wiczenia z alfabetyzacj\u0105 i sylabizowaniem s\u0142\u00f3w.<\/p><p>W ka\u017cdej lekcji w Vocabulary 6 for Young Catholics tekst zaczyna si\u0119 wybraniem lektury, aby nauczy\u0107 si\u0119 nowych s\u0142\u00f3wek lub r\u00f3\u017cnych znacze\u0144 s\u0142\u00f3wek. Ka\u017cdy rozdzia\u0142 zawiera 15 nowych s\u0142\u00f3wek. Kilka rodzaj\u00f3w \u0107wicze\u0144 pomaga im naucza\u0107 si\u0119 alternatywnych znacze\u0144. \u0106wiczenia obejmuj\u0105 zapami\u0119tywanie s\u0142\u00f3w i znacze\u0144, wyszukiwanie s\u0142\u00f3w w s\u0142owniku, por\u00f3wnywanie podobnych s\u0142\u00f3w i kontrastowanie przeciwnych s\u0142\u00f3w w zdaniach oraz rozpoznawanie s\u0142\u00f3w w krzy\u017c\u00f3wce. Dzieci ucz\u0105 si\u0119, \u017ce znaczenie danego s\u0142owa mo\u017ce si\u0119 zmieni\u0107, gdy jest ono u\u017cywane jako inna cz\u0119\u015b\u0107 mowy.<\/p>\t\t\t\t\t\t\t\t<\/div>\n\t\t\t\t<\/div>\n\t\t\t\t\t<\/div>\n\t\t<\/div>\n\t\t\t\t<div class=\"elementor-column elementor-col-50 elementor-inner-column elementor-element elementor-element-514a255\" data-id=\"514a255\" data-element_type=\"column\" data-e-type=\"column\">\n\t\t\t<div class=\"elementor-widget-wrap elementor-element-populated\">\n\t\t\t\t\t\t<div class=\"elementor-element elementor-element-2a1d3b1 elementor-widget elementor-widget-image\" data-id=\"2a1d3b1\" data-element_type=\"widget\" data-e-type=\"widget\" data-widget_type=\"image.default\">\n\t\t\t\t<div class=\"elementor-widget-container\">\n\t\t\t\t\t\t\t\t\t\t\t\t\t\t\t<img loading=\"lazy\" decoding=\"async\" width=\"1024\" height=\"683\" src=\"https:\/\/setonschool.pl\/wp-content\/uploads\/2018\/09\/Y0A8030-1024x683.jpg\" class=\"attachment-large size-large wp-image-119\" alt=\"\" srcset=\"https:\/\/setonschool.pl\/wp-content\/uploads\/2018\/09\/Y0A8030-1024x683.jpg 1024w, https:\/\/setonschool.pl\/wp-content\/uploads\/2018\/09\/Y0A8030-600x400.jpg 600w, https:\/\/setonschool.pl\/wp-content\/uploads\/2018\/09\/Y0A8030-300x200.jpg 300w, https:\/\/setonschool.pl\/wp-content\/uploads\/2018\/09\/Y0A8030-768x512.jpg 768w, https:\/\/setonschool.pl\/wp-content\/uploads\/2018\/09\/Y0A8030.jpg 2048w\" sizes=\"(max-width: 1024px) 100vw, 1024px\" \/>\t\t\t\t\t\t\t\t\t\t\t\t\t\t\t<\/div>\n\t\t\t\t<\/div>\n\t\t\t\t\t<\/div>\n\t\t<\/div>\n\t\t\t\t\t<\/div>\n\t\t<\/section>\n\t\t\t\t\t<\/div>\n\t\t<\/div>\n\t\t\t\t\t<\/div>\n\t\t<\/section>\n\t\t\t\t<section class=\"elementor-section elementor-top-section elementor-element elementor-element-151d12c elementor-section-boxed elementor-section-height-default elementor-section-height-default\" data-id=\"151d12c\" data-element_type=\"section\" data-e-type=\"section\">\n\t\t\t\t\t\t<div class=\"elementor-container elementor-column-gap-default\">\n\t\t\t\t\t<div class=\"elementor-column elementor-col-100 elementor-top-column elementor-element elementor-element-c46d24f\" data-id=\"c46d24f\" data-element_type=\"column\" data-e-type=\"column\">\n\t\t\t<div class=\"elementor-widget-wrap elementor-element-populated\">\n\t\t\t\t\t\t<div class=\"elementor-element elementor-element-b7dc27e elementor-hidden-tablet elementor-hidden-phone elementor-widget elementor-widget-spacer\" data-id=\"b7dc27e\" data-element_type=\"widget\" data-e-type=\"widget\" data-widget_type=\"spacer.default\">\n\t\t\t\t<div class=\"elementor-widget-container\">\n\t\t\t\t\t\t\t<div class=\"elementor-spacer\">\n\t\t\t<div class=\"elementor-spacer-inner\"><\/div>\n\t\t<\/div>\n\t\t\t\t\t\t<\/div>\n\t\t\t\t<\/div>\n\t\t\t\t\t<\/div>\n\t\t<\/div>\n\t\t\t\t\t<\/div>\n\t\t<\/section>\n\t\t\t\t<\/div>","protected":false},"excerpt":{"rendered":"<p>Grade 6: Ages 10-11 In\u00a0English 6 for Young Catholics\u00a0independent clauses and compound sentences are introduced. Sixth graders improve their skills in punctuation, parts of speech, elements of a good paragraph, and sentence diagramming. Students then display these skills in letters, speeches, dramatizations, and paragraphs. In paragraphs about Scripture passages, students move beyond summarizing the material, [&hellip;]<\/p>\n","protected":false},"author":1,"featured_media":0,"parent":0,"menu_order":0,"comment_status":"closed","ping_status":"closed","template":"elementor_header_footer","meta":{"ocean_post_layout":"","ocean_both_sidebars_style":"","ocean_both_sidebars_content_width":0,"ocean_both_sidebars_sidebars_width":0,"ocean_sidebar":"0","ocean_second_sidebar":"0","ocean_disable_margins":"enable","ocean_add_body_class":"","ocean_shortcode_before_top_bar":"","ocean_shortcode_after_top_bar":"","ocean_shortcode_before_header":"","ocean_shortcode_after_header":"","ocean_has_shortcode":"","ocean_shortcode_after_title":"","ocean_shortcode_before_footer_widgets":"","ocean_shortcode_after_footer_widgets":"","ocean_shortcode_before_footer_bottom":"","ocean_shortcode_after_footer_bottom":"","ocean_display_top_bar":"default","ocean_display_header":"default","ocean_header_style":"","ocean_center_header_left_menu":"0","ocean_custom_header_template":"0","ocean_custom_logo":0,"ocean_custom_retina_logo":0,"ocean_custom_logo_max_width":0,"ocean_custom_logo_tablet_max_width":0,"ocean_custom_logo_mobile_max_width":0,"ocean_custom_logo_max_height":0,"ocean_custom_logo_tablet_max_height":0,"ocean_custom_logo_mobile_max_height":0,"ocean_header_custom_menu":"0","ocean_menu_typo_font_family":"0","ocean_menu_typo_font_subset":"","ocean_menu_typo_font_size":0,"ocean_menu_typo_font_size_tablet":0,"ocean_menu_typo_font_size_mobile":0,"ocean_menu_typo_font_size_unit":"px","ocean_menu_typo_font_weight":"","ocean_menu_typo_font_weight_tablet":"","ocean_menu_typo_font_weight_mobile":"","ocean_menu_typo_transform":"","ocean_menu_typo_transform_tablet":"","ocean_menu_typo_transform_mobile":"","ocean_menu_typo_line_height":0,"ocean_menu_typo_line_height_tablet":0,"ocean_menu_typo_line_height_mobile":0,"ocean_menu_typo_line_height_unit":"","ocean_menu_typo_spacing":0,"ocean_menu_typo_spacing_tablet":0,"ocean_menu_typo_spacing_mobile":0,"ocean_menu_typo_spacing_unit":"","ocean_menu_link_color":"","ocean_menu_link_color_hover":"","ocean_menu_link_color_active":"","ocean_menu_link_background":"","ocean_menu_link_hover_background":"","ocean_menu_link_active_background":"","ocean_menu_social_links_bg":"","ocean_menu_social_hover_links_bg":"","ocean_menu_social_links_color":"","ocean_menu_social_hover_links_color":"","ocean_disable_title":"default","ocean_disable_heading":"default","ocean_post_title":"","ocean_post_subheading":"","ocean_post_title_style":"","ocean_post_title_background_color":"","ocean_post_title_background":0,"ocean_post_title_bg_image_position":"","ocean_post_title_bg_image_attachment":"","ocean_post_title_bg_image_repeat":"","ocean_post_title_bg_image_size":"","ocean_post_title_height":0,"ocean_post_title_bg_overlay":0.5,"ocean_post_title_bg_overlay_color":"","ocean_disable_breadcrumbs":"default","ocean_breadcrumbs_color":"","ocean_breadcrumbs_separator_color":"","ocean_breadcrumbs_links_color":"","ocean_breadcrumbs_links_hover_color":"","ocean_display_footer_widgets":"default","ocean_display_footer_bottom":"default","ocean_custom_footer_template":"0","footnotes":""},"class_list":["post-150","page","type-page","status-publish","hentry","entry","owp-thumbs-layout-horizontal","owp-btn-normal","owp-tabs-layout-horizontal","has-no-thumbnails","has-product-nav"],"_links":{"self":[{"href":"https:\/\/setonschool.pl\/pl\/wp-json\/wp\/v2\/pages\/150","targetHints":{"allow":["GET"]}}],"collection":[{"href":"https:\/\/setonschool.pl\/pl\/wp-json\/wp\/v2\/pages"}],"about":[{"href":"https:\/\/setonschool.pl\/pl\/wp-json\/wp\/v2\/types\/page"}],"author":[{"embeddable":true,"href":"https:\/\/setonschool.pl\/pl\/wp-json\/wp\/v2\/users\/1"}],"replies":[{"embeddable":true,"href":"https:\/\/setonschool.pl\/pl\/wp-json\/wp\/v2\/comments?post=150"}],"version-history":[{"count":21,"href":"https:\/\/setonschool.pl\/pl\/wp-json\/wp\/v2\/pages\/150\/revisions"}],"predecessor-version":[{"id":2052,"href":"https:\/\/setonschool.pl\/pl\/wp-json\/wp\/v2\/pages\/150\/revisions\/2052"}],"wp:attachment":[{"href":"https:\/\/setonschool.pl\/pl\/wp-json\/wp\/v2\/media?parent=150"}],"curies":[{"name":"wp","href":"https:\/\/api.w.org\/{rel}","templated":true}]}}