{"id":152,"date":"2018-09-26T19:36:10","date_gmt":"2018-09-26T19:36:10","guid":{"rendered":"https:\/\/setonschool.pl\/?page_id=152"},"modified":"2018-10-20T18:29:08","modified_gmt":"2018-10-20T18:29:08","slug":"grade-7","status":"publish","type":"page","link":"https:\/\/setonschool.pl\/pl\/grade-7\/","title":{"rendered":"Grade 7"},"content":{"rendered":"<div data-elementor-type=\"wp-post\" data-elementor-id=\"152\" class=\"elementor elementor-152 elementor-bc-flex-widget\">\n\t\t\t\t\t\t<section class=\"elementor-section elementor-top-section elementor-element elementor-element-871a904 elementor-section-boxed elementor-section-height-default elementor-section-height-default\" data-id=\"871a904\" data-element_type=\"section\" data-e-type=\"section\">\n\t\t\t\t\t\t<div class=\"elementor-container elementor-column-gap-default\">\n\t\t\t\t\t<div class=\"elementor-column elementor-col-100 elementor-top-column elementor-element elementor-element-2904766\" data-id=\"2904766\" data-element_type=\"column\" data-e-type=\"column\">\n\t\t\t<div class=\"elementor-widget-wrap elementor-element-populated\">\n\t\t\t\t\t\t<div class=\"elementor-element elementor-element-38cc805 elementor-widget elementor-widget-heading\" data-id=\"38cc805\" data-element_type=\"widget\" data-e-type=\"widget\" data-widget_type=\"heading.default\">\n\t\t\t\t<div class=\"elementor-widget-container\">\n\t\t\t\t\t<h2 class=\"elementor-heading-title elementor-size-default\">Poziom 7: Wiek 12-13<\/h2>\t\t\t\t<\/div>\n\t\t\t\t<\/div>\n\t\t\t\t<section class=\"elementor-section elementor-inner-section elementor-element elementor-element-a207df1 elementor-hidden-tablet elementor-hidden-phone elementor-section-boxed elementor-section-height-default elementor-section-height-default\" data-id=\"a207df1\" data-element_type=\"section\" data-e-type=\"section\" data-settings=\"{&quot;background_background&quot;:&quot;classic&quot;}\">\n\t\t\t\t\t\t<div class=\"elementor-container elementor-column-gap-default\">\n\t\t\t\t\t<div class=\"elementor-column elementor-col-12 elementor-inner-column elementor-element elementor-element-7ea2144\" data-id=\"7ea2144\" data-element_type=\"column\" data-e-type=\"column\">\n\t\t\t<div class=\"elementor-widget-wrap elementor-element-populated\">\n\t\t\t\t\t\t<div class=\"elementor-element elementor-element-577bb30 elementor-widget elementor-widget-image\" data-id=\"577bb30\" data-element_type=\"widget\" data-e-type=\"widget\" data-widget_type=\"image.default\">\n\t\t\t\t<div class=\"elementor-widget-container\">\n\t\t\t\t\t\t\t\t\t\t\t\t\t\t\t<img fetchpriority=\"high\" decoding=\"async\" width=\"507\" height=\"650\" src=\"https:\/\/setonschool.pl\/wp-content\/uploads\/2018\/10\/P-EN07-1327702.jpg\" class=\"attachment-large size-large wp-image-1036\" alt=\"\" srcset=\"https:\/\/setonschool.pl\/wp-content\/uploads\/2018\/10\/P-EN07-1327702.jpg 507w, https:\/\/setonschool.pl\/wp-content\/uploads\/2018\/10\/P-EN07-1327702-234x300.jpg 234w\" sizes=\"(max-width: 507px) 100vw, 507px\" \/>\t\t\t\t\t\t\t\t\t\t\t\t\t\t\t<\/div>\n\t\t\t\t<\/div>\n\t\t\t\t\t<\/div>\n\t\t<\/div>\n\t\t\t\t<div class=\"elementor-column elementor-col-12 elementor-inner-column elementor-element elementor-element-85f3855\" data-id=\"85f3855\" data-element_type=\"column\" data-e-type=\"column\">\n\t\t\t<div class=\"elementor-widget-wrap elementor-element-populated\">\n\t\t\t\t\t\t<div class=\"elementor-element elementor-element-68c29fb elementor-widget elementor-widget-image\" data-id=\"68c29fb\" data-element_type=\"widget\" data-e-type=\"widget\" data-widget_type=\"image.default\">\n\t\t\t\t<div class=\"elementor-widget-container\">\n\t\t\t\t\t\t\t\t\t\t\t\t\t\t\t<img decoding=\"async\" width=\"492\" height=\"650\" src=\"https:\/\/setonschool.pl\/wp-content\/uploads\/2018\/10\/P-RD07-1525621.jpg\" class=\"attachment-large size-large wp-image-1037\" alt=\"\" srcset=\"https:\/\/setonschool.pl\/wp-content\/uploads\/2018\/10\/P-RD07-1525621.jpg 492w, https:\/\/setonschool.pl\/wp-content\/uploads\/2018\/10\/P-RD07-1525621-227x300.jpg 227w\" sizes=\"(max-width: 492px) 100vw, 492px\" \/>\t\t\t\t\t\t\t\t\t\t\t\t\t\t\t<\/div>\n\t\t\t\t<\/div>\n\t\t\t\t\t<\/div>\n\t\t<\/div>\n\t\t\t\t<div class=\"elementor-column elementor-col-12 elementor-inner-column elementor-element elementor-element-2963c19\" data-id=\"2963c19\" data-element_type=\"column\" data-e-type=\"column\">\n\t\t\t<div class=\"elementor-widget-wrap elementor-element-populated\">\n\t\t\t\t\t\t<div class=\"elementor-element elementor-element-a1da2db elementor-widget elementor-widget-image\" data-id=\"a1da2db\" data-element_type=\"widget\" data-e-type=\"widget\" data-widget_type=\"image.default\">\n\t\t\t\t<div class=\"elementor-widget-container\">\n\t\t\t\t\t\t\t\t\t\t\t\t\t\t\t<img decoding=\"async\" width=\"489\" height=\"650\" src=\"https:\/\/setonschool.pl\/wp-content\/uploads\/2018\/10\/P-SP07-1123430.jpg\" class=\"attachment-large size-large wp-image-1038\" alt=\"\" srcset=\"https:\/\/setonschool.pl\/wp-content\/uploads\/2018\/10\/P-SP07-1123430.jpg 489w, https:\/\/setonschool.pl\/wp-content\/uploads\/2018\/10\/P-SP07-1123430-226x300.jpg 226w\" sizes=\"(max-width: 489px) 100vw, 489px\" \/>\t\t\t\t\t\t\t\t\t\t\t\t\t\t\t<\/div>\n\t\t\t\t<\/div>\n\t\t\t\t\t<\/div>\n\t\t<\/div>\n\t\t\t\t<div class=\"elementor-column elementor-col-12 elementor-inner-column elementor-element elementor-element-4a734fd\" data-id=\"4a734fd\" data-element_type=\"column\" data-e-type=\"column\">\n\t\t\t<div class=\"elementor-widget-wrap elementor-element-populated\">\n\t\t\t\t\t\t<div class=\"elementor-element elementor-element-60fa8e6 elementor-widget elementor-widget-image\" data-id=\"60fa8e6\" data-element_type=\"widget\" data-e-type=\"widget\" data-widget_type=\"image.default\">\n\t\t\t\t<div class=\"elementor-widget-container\">\n\t\t\t\t\t\t\t\t\t\t\t\t\t\t\t<img loading=\"lazy\" decoding=\"async\" width=\"497\" height=\"650\" src=\"https:\/\/setonschool.pl\/wp-content\/uploads\/2018\/10\/P-VO07-2122758.jpg\" class=\"attachment-large size-large wp-image-1039\" alt=\"\" srcset=\"https:\/\/setonschool.pl\/wp-content\/uploads\/2018\/10\/P-VO07-2122758.jpg 497w, https:\/\/setonschool.pl\/wp-content\/uploads\/2018\/10\/P-VO07-2122758-229x300.jpg 229w\" sizes=\"(max-width: 497px) 100vw, 497px\" \/>\t\t\t\t\t\t\t\t\t\t\t\t\t\t\t<\/div>\n\t\t\t\t<\/div>\n\t\t\t\t\t<\/div>\n\t\t<\/div>\n\t\t\t\t<div class=\"elementor-column elementor-col-12 elementor-inner-column elementor-element elementor-element-7566c8d\" data-id=\"7566c8d\" data-element_type=\"column\" data-e-type=\"column\">\n\t\t\t<div class=\"elementor-widget-wrap elementor-element-populated\">\n\t\t\t\t\t\t\t<\/div>\n\t\t<\/div>\n\t\t\t\t<div class=\"elementor-column elementor-col-12 elementor-inner-column elementor-element elementor-element-24032f8\" data-id=\"24032f8\" data-element_type=\"column\" data-e-type=\"column\">\n\t\t\t<div class=\"elementor-widget-wrap elementor-element-populated\">\n\t\t\t\t\t\t\t<\/div>\n\t\t<\/div>\n\t\t\t\t<div class=\"elementor-column elementor-col-12 elementor-inner-column elementor-element elementor-element-30c1c66\" data-id=\"30c1c66\" data-element_type=\"column\" data-e-type=\"column\">\n\t\t\t<div class=\"elementor-widget-wrap elementor-element-populated\">\n\t\t\t\t\t\t\t<\/div>\n\t\t<\/div>\n\t\t\t\t<div class=\"elementor-column elementor-col-12 elementor-inner-column elementor-element elementor-element-a8c2603\" data-id=\"a8c2603\" data-element_type=\"column\" data-e-type=\"column\">\n\t\t\t<div class=\"elementor-widget-wrap elementor-element-populated\">\n\t\t\t\t\t\t<div class=\"elementor-element elementor-element-5f1f8a5 elementor-nav-menu__align-justify elementor-nav-menu--indicator-classic elementor-nav-menu--dropdown-tablet elementor-nav-menu__text-align-aside elementor-nav-menu--toggle elementor-nav-menu--burger elementor-widget elementor-widget-nav-menu\" data-id=\"5f1f8a5\" data-element_type=\"widget\" data-e-type=\"widget\" data-settings=\"{&quot;layout&quot;:&quot;horizontal&quot;,&quot;toggle&quot;:&quot;burger&quot;}\" data-widget_type=\"nav-menu.default\">\n\t\t\t\t<div class=\"elementor-widget-container\">\n\t\t\t\t\t\t\t\t<nav role=\"navigation\" class=\"elementor-nav-menu--main elementor-nav-menu__container elementor-nav-menu--layout-horizontal e--pointer-background e--animation-fade\"><ul id=\"menu-1-5f1f8a5\" class=\"elementor-nav-menu\"><li class=\"menu-item menu-item-type-post_type menu-item-object-page menu-item-451\"><a href=\"https:\/\/setonschool.pl\/pl\/register-and-enroll\/\" class=\"elementor-item\">Zarejestruj si\u0119 i zapisz<\/a><\/li>\n<li class=\"menu-item menu-item-type-post_type menu-item-object-page menu-item-454\"><a href=\"https:\/\/setonschool.pl\/pl\/purchase-books\/\" class=\"elementor-item\">Kup ksi\u0105\u017cki<\/a><\/li>\n<li class=\"menu-item menu-item-type-post_type menu-item-object-page menu-item-893\"><a href=\"https:\/\/setonschool.pl\/pl\/sell-your-used-books\/\" class=\"elementor-item\">Sprzedaj u\u017cywane ksi\u0105\u017cki<\/a><\/li>\n<\/ul><\/nav>\n\t\t\t\t\t<div class=\"elementor-menu-toggle\" role=\"button\" tabindex=\"0\" aria-label=\"Menu Toggle\" aria-expanded=\"false\">\n\t\t\t<i class=\"eicon-menu-bar\" aria-hidden=\"true\"><\/i>\n\t\t\t<span class=\"elementor-screen-only\">Menu<\/span>\n\t\t<\/div>\n\t\t\t<nav class=\"elementor-nav-menu--dropdown elementor-nav-menu__container\" role=\"navigation\" aria-hidden=\"true\"><ul id=\"menu-2-5f1f8a5\" class=\"elementor-nav-menu\"><li class=\"menu-item menu-item-type-post_type menu-item-object-page menu-item-451\"><a href=\"https:\/\/setonschool.pl\/pl\/register-and-enroll\/\" class=\"elementor-item\">Zarejestruj si\u0119 i zapisz<\/a><\/li>\n<li class=\"menu-item menu-item-type-post_type menu-item-object-page menu-item-454\"><a href=\"https:\/\/setonschool.pl\/pl\/purchase-books\/\" class=\"elementor-item\">Kup ksi\u0105\u017cki<\/a><\/li>\n<li class=\"menu-item menu-item-type-post_type menu-item-object-page menu-item-893\"><a href=\"https:\/\/setonschool.pl\/pl\/sell-your-used-books\/\" class=\"elementor-item\">Sprzedaj u\u017cywane ksi\u0105\u017cki<\/a><\/li>\n<\/ul><\/nav>\n\t\t\t\t\t\t<\/div>\n\t\t\t\t<\/div>\n\t\t\t\t\t<\/div>\n\t\t<\/div>\n\t\t\t\t\t<\/div>\n\t\t<\/section>\n\t\t\t\t\t<\/div>\n\t\t<\/div>\n\t\t\t\t\t<\/div>\n\t\t<\/section>\n\t\t\t\t<section class=\"elementor-section elementor-top-section elementor-element elementor-element-871f581 elementor-section-boxed elementor-section-height-default elementor-section-height-default\" data-id=\"871f581\" data-element_type=\"section\" data-e-type=\"section\">\n\t\t\t\t\t\t<div class=\"elementor-container elementor-column-gap-default\">\n\t\t\t\t\t<div class=\"elementor-column elementor-col-100 elementor-top-column elementor-element elementor-element-b46a743\" data-id=\"b46a743\" data-element_type=\"column\" data-e-type=\"column\">\n\t\t\t<div class=\"elementor-widget-wrap elementor-element-populated\">\n\t\t\t\t\t\t<section class=\"elementor-section elementor-inner-section elementor-element elementor-element-7394df4 elementor-section-full_width elementor-reverse-tablet elementor-reverse-mobile elementor-section-height-default elementor-section-height-default\" data-id=\"7394df4\" data-element_type=\"section\" data-e-type=\"section\">\n\t\t\t\t\t\t<div class=\"elementor-container elementor-column-gap-default\">\n\t\t\t\t\t<div class=\"elementor-column elementor-col-50 elementor-inner-column elementor-element elementor-element-bb83f1f\" data-id=\"bb83f1f\" data-element_type=\"column\" data-e-type=\"column\">\n\t\t\t<div class=\"elementor-widget-wrap elementor-element-populated\">\n\t\t\t\t\t\t<div class=\"elementor-element elementor-element-18be994 elementor-widget elementor-widget-text-editor\" data-id=\"18be994\" data-element_type=\"widget\" data-e-type=\"widget\" data-widget_type=\"text-editor.default\">\n\t\t\t\t<div class=\"elementor-widget-container\">\n\t\t\t\t\t\t\t\t\t<p>Na poziomie 7 dzieci ucz\u0105 si\u0119 zasad, kt\u00f3re pozwol\u0105 im z\u0142o\u017cy\u0107 kompozycje dowolnej d\u0142ugo\u015bci zdania podczas czytania i pisania. Uczniowie korzystaj\u0105 z wcze\u015bniejszej znajomo\u015bci interpunkcji, o\u015bmiu cz\u0119\u015bci mowy, zwrot\u00f3w i zda\u0144. Dzieci s\u0105 wprowadzane do zaimk\u00f3w wzgl\u0119dnych, cel\u00f3w przys\u0142\u00f3wkowych, zda\u0144 z\u0142o\u017conych i ucz\u0105 si\u0119 schemat\u00f3w zda\u0144 zawieraj\u0105cych przymiotniki i przys\u0142\u00f3wkowe zdania podrz\u0119dne.<\/p><p>Na tym poziomie czytanie buduje umiej\u0119tno\u015bci abstrakcyjnego my\u015blenia i analizy uczni\u00f3w. The\u00a0Reading 7 for Young Catholics: Thinking Skills\u00a0and\u00a0Reading 7 for Young Catholics: Podr\u0119czniki ze zrozumieniem maj\u0105 kluczowe znaczenie dla wprowadzenia nowych element\u00f3w literackich: konfliktu, motyw\u00f3w i tematu. Dzieci ucz\u0105 si\u0119 rozpoznawa\u0107 te i inne elementy literackie w klasycznych opowiadaniach i epizodach z \u017cycia \u015bw. Ma\u0142gorzaty Marii, przygotowuj\u0105c je do analizy pe\u0142nometra\u017cowych powie\u015bci. Ka\u017cdy z czterech raport\u00f3w ksi\u0105\u017ckowych u\u017cywa pi\u0119ciopunktowego formatu wykonanego w poprzednich latach. W tym roku ucze\u0144 do\u0142\u0105cza \"thesis statement\" w esej aby powi\u0105za\u0107 je ze sob\u0105.\u00a0<\/p><p>Uczniowie ucz\u0105 si\u0119 pisowni, wykonuj\u0105c 36 lekcji z \u0107wiczeniami z definicji s\u0142\u00f3w, a nast\u0119pnie odczytuj\u0105 s\u0142owa w zdaniach i paragrafach. Historie skupiaj\u0105 si\u0119 na \u015bwi\u0119tych i innych wp\u0142ywowych katolikach w ca\u0142ej historii. W Spelling 7 for Young Catholics uczniowie ucz\u0105 si\u0119 takich poj\u0119\u0107, jak podw\u00f3jne litery, wielosylabowe, dwuznaczniki sp\u00f3\u0142g\u0142oskowe, dwug\u0142oski, przedrostki i przyrostki.<\/p><p>In\u00a0Vocabulary 7 for Young Catholics uczniowie rozpoczynaj\u0105 ka\u017cd\u0105 lekcj\u0119 od zabawnej historii. Ka\u017cda historia wprowadza 15 nowych s\u0142\u00f3wek, kt\u00f3re s\u0105 podstaw\u0105 lekcji w tygodniu. Znajduj\u0105 si\u0119 tam 24 uroczo zach\u0119caj\u0105ce opowie\u015bci\/lekcje. Ka\u017cda urzekaj\u0105ca historia wykorzystuje sprytny akcent, aby jeszcze bardziej zaanga\u017cowa\u0107 ucznia. Urocza sztuka Bena Hatke'a zwi\u0119ksza wp\u0142yw historii i pomaga uchwyci\u0107 uwag\u0119 ucznia. Krzy\u017c\u00f3wki, popularny i satysfakcjonuj\u0105cy spos\u00f3b na przypomnienie sobie s\u0142\u00f3w, kt\u00f3rych uczniowie si\u0119 nauczyli, s\u0105 cz\u0119\u015bci\u0105 lekcji ka\u017cdego tygodnia.<\/p>\t\t\t\t\t\t\t\t<\/div>\n\t\t\t\t<\/div>\n\t\t\t\t\t<\/div>\n\t\t<\/div>\n\t\t\t\t<div class=\"elementor-column elementor-col-50 elementor-inner-column elementor-element elementor-element-77487f5\" data-id=\"77487f5\" data-element_type=\"column\" data-e-type=\"column\">\n\t\t\t<div class=\"elementor-widget-wrap elementor-element-populated\">\n\t\t\t\t\t\t<div class=\"elementor-element elementor-element-bef0275 elementor-widget elementor-widget-image\" data-id=\"bef0275\" data-element_type=\"widget\" data-e-type=\"widget\" data-widget_type=\"image.default\">\n\t\t\t\t<div class=\"elementor-widget-container\">\n\t\t\t\t\t\t\t\t\t\t\t\t\t\t\t<img loading=\"lazy\" decoding=\"async\" width=\"640\" height=\"468\" src=\"https:\/\/setonschool.pl\/wp-content\/uploads\/2018\/09\/a-TEENSSTUDYING-640x468.jpg\" class=\"attachment-large size-large wp-image-107\" alt=\"\" srcset=\"https:\/\/setonschool.pl\/wp-content\/uploads\/2018\/09\/a-TEENSSTUDYING-640x468.jpg 640w, https:\/\/setonschool.pl\/wp-content\/uploads\/2018\/09\/a-TEENSSTUDYING-640x468-600x439.jpg 600w, https:\/\/setonschool.pl\/wp-content\/uploads\/2018\/09\/a-TEENSSTUDYING-640x468-300x219.jpg 300w\" sizes=\"(max-width: 640px) 100vw, 640px\" \/>\t\t\t\t\t\t\t\t\t\t\t\t\t\t\t<\/div>\n\t\t\t\t<\/div>\n\t\t\t\t\t<\/div>\n\t\t<\/div>\n\t\t\t\t\t<\/div>\n\t\t<\/section>\n\t\t\t\t\t<\/div>\n\t\t<\/div>\n\t\t\t\t\t<\/div>\n\t\t<\/section>\n\t\t\t\t<section class=\"elementor-section elementor-top-section elementor-element elementor-element-d1be36e elementor-section-boxed elementor-section-height-default elementor-section-height-default\" data-id=\"d1be36e\" data-element_type=\"section\" data-e-type=\"section\">\n\t\t\t\t\t\t<div class=\"elementor-container elementor-column-gap-default\">\n\t\t\t\t\t<div class=\"elementor-column elementor-col-100 elementor-top-column elementor-element elementor-element-69db82b\" data-id=\"69db82b\" data-element_type=\"column\" data-e-type=\"column\">\n\t\t\t<div class=\"elementor-widget-wrap elementor-element-populated\">\n\t\t\t\t\t\t<div class=\"elementor-element elementor-element-7fbd55a elementor-hidden-tablet elementor-hidden-phone elementor-widget elementor-widget-spacer\" data-id=\"7fbd55a\" data-element_type=\"widget\" data-e-type=\"widget\" data-widget_type=\"spacer.default\">\n\t\t\t\t<div class=\"elementor-widget-container\">\n\t\t\t\t\t\t\t<div class=\"elementor-spacer\">\n\t\t\t<div class=\"elementor-spacer-inner\"><\/div>\n\t\t<\/div>\n\t\t\t\t\t\t<\/div>\n\t\t\t\t<\/div>\n\t\t\t\t\t<\/div>\n\t\t<\/div>\n\t\t\t\t\t<\/div>\n\t\t<\/section>\n\t\t\t\t<\/div>","protected":false},"excerpt":{"rendered":"<p>Grade 7: Ages 11-12 In Grade 7 students study outlining in depth and learn principles that will enable them to outline compositions of any length as they read and write. Students build on their previous knowledge of punctuation, the eight parts of speech, phrases, clauses, and sentences. Students are introduced to relative pronouns, adverbial objectives, [&hellip;]<\/p>\n","protected":false},"author":1,"featured_media":0,"parent":0,"menu_order":0,"comment_status":"closed","ping_status":"closed","template":"elementor_header_footer","meta":{"ocean_post_layout":"","ocean_both_sidebars_style":"","ocean_both_sidebars_content_width":0,"ocean_both_sidebars_sidebars_width":0,"ocean_sidebar":"0","ocean_second_sidebar":"0","ocean_disable_margins":"enable","ocean_add_body_class":"","ocean_shortcode_before_top_bar":"","ocean_shortcode_after_top_bar":"","ocean_shortcode_before_header":"","ocean_shortcode_after_header":"","ocean_has_shortcode":"","ocean_shortcode_after_title":"","ocean_shortcode_before_footer_widgets":"","ocean_shortcode_after_footer_widgets":"","ocean_shortcode_before_footer_bottom":"","ocean_shortcode_after_footer_bottom":"","ocean_display_top_bar":"default","ocean_display_header":"default","ocean_header_style":"","ocean_center_header_left_menu":"0","ocean_custom_header_template":"0","ocean_custom_logo":0,"ocean_custom_retina_logo":0,"ocean_custom_logo_max_width":0,"ocean_custom_logo_tablet_max_width":0,"ocean_custom_logo_mobile_max_width":0,"ocean_custom_logo_max_height":0,"ocean_custom_logo_tablet_max_height":0,"ocean_custom_logo_mobile_max_height":0,"ocean_header_custom_menu":"0","ocean_menu_typo_font_family":"0","ocean_menu_typo_font_subset":"","ocean_menu_typo_font_size":0,"ocean_menu_typo_font_size_tablet":0,"ocean_menu_typo_font_size_mobile":0,"ocean_menu_typo_font_size_unit":"px","ocean_menu_typo_font_weight":"","ocean_menu_typo_font_weight_tablet":"","ocean_menu_typo_font_weight_mobile":"","ocean_menu_typo_transform":"","ocean_menu_typo_transform_tablet":"","ocean_menu_typo_transform_mobile":"","ocean_menu_typo_line_height":0,"ocean_menu_typo_line_height_tablet":0,"ocean_menu_typo_line_height_mobile":0,"ocean_menu_typo_line_height_unit":"","ocean_menu_typo_spacing":0,"ocean_menu_typo_spacing_tablet":0,"ocean_menu_typo_spacing_mobile":0,"ocean_menu_typo_spacing_unit":"","ocean_menu_link_color":"","ocean_menu_link_color_hover":"","ocean_menu_link_color_active":"","ocean_menu_link_background":"","ocean_menu_link_hover_background":"","ocean_menu_link_active_background":"","ocean_menu_social_links_bg":"","ocean_menu_social_hover_links_bg":"","ocean_menu_social_links_color":"","ocean_menu_social_hover_links_color":"","ocean_disable_title":"default","ocean_disable_heading":"default","ocean_post_title":"","ocean_post_subheading":"","ocean_post_title_style":"","ocean_post_title_background_color":"","ocean_post_title_background":0,"ocean_post_title_bg_image_position":"","ocean_post_title_bg_image_attachment":"","ocean_post_title_bg_image_repeat":"","ocean_post_title_bg_image_size":"","ocean_post_title_height":0,"ocean_post_title_bg_overlay":0.5,"ocean_post_title_bg_overlay_color":"","ocean_disable_breadcrumbs":"default","ocean_breadcrumbs_color":"","ocean_breadcrumbs_separator_color":"","ocean_breadcrumbs_links_color":"","ocean_breadcrumbs_links_hover_color":"","ocean_display_footer_widgets":"default","ocean_display_footer_bottom":"default","ocean_custom_footer_template":"0","footnotes":""},"class_list":["post-152","page","type-page","status-publish","hentry","entry","owp-thumbs-layout-horizontal","owp-btn-normal","owp-tabs-layout-horizontal","has-no-thumbnails","has-product-nav"],"_links":{"self":[{"href":"https:\/\/setonschool.pl\/pl\/wp-json\/wp\/v2\/pages\/152","targetHints":{"allow":["GET"]}}],"collection":[{"href":"https:\/\/setonschool.pl\/pl\/wp-json\/wp\/v2\/pages"}],"about":[{"href":"https:\/\/setonschool.pl\/pl\/wp-json\/wp\/v2\/types\/page"}],"author":[{"embeddable":true,"href":"https:\/\/setonschool.pl\/pl\/wp-json\/wp\/v2\/users\/1"}],"replies":[{"embeddable":true,"href":"https:\/\/setonschool.pl\/pl\/wp-json\/wp\/v2\/comments?post=152"}],"version-history":[{"count":29,"href":"https:\/\/setonschool.pl\/pl\/wp-json\/wp\/v2\/pages\/152\/revisions"}],"predecessor-version":[{"id":2053,"href":"https:\/\/setonschool.pl\/pl\/wp-json\/wp\/v2\/pages\/152\/revisions\/2053"}],"wp:attachment":[{"href":"https:\/\/setonschool.pl\/pl\/wp-json\/wp\/v2\/media?parent=152"}],"curies":[{"name":"wp","href":"https:\/\/api.w.org\/{rel}","templated":true}]}}