{"id":659,"date":"2018-10-06T13:12:35","date_gmt":"2018-10-06T13:12:35","guid":{"rendered":"https:\/\/setonschool.pl\/?page_id=659"},"modified":"2018-10-24T21:36:29","modified_gmt":"2018-10-24T21:36:29","slug":"our-method","status":"publish","type":"page","link":"https:\/\/setonschool.pl\/pl\/our-method\/","title":{"rendered":"Nasza Metoda"},"content":{"rendered":"<div data-elementor-type=\"wp-post\" data-elementor-id=\"659\" class=\"elementor elementor-659 elementor-bc-flex-widget\">\n\t\t\t\t\t\t<section class=\"elementor-section elementor-top-section elementor-element elementor-element-9f87ec4 elementor-section-boxed elementor-section-height-default elementor-section-height-default\" data-id=\"9f87ec4\" data-element_type=\"section\" data-e-type=\"section\" data-settings=\"{&quot;background_background&quot;:&quot;classic&quot;}\">\n\t\t\t\t\t\t\t<div class=\"elementor-background-overlay\"><\/div>\n\t\t\t\t\t\t\t<div class=\"elementor-container elementor-column-gap-default\">\n\t\t\t\t\t<div class=\"elementor-column elementor-col-100 elementor-top-column elementor-element elementor-element-59791a6\" data-id=\"59791a6\" data-element_type=\"column\" data-e-type=\"column\">\n\t\t\t<div class=\"elementor-widget-wrap elementor-element-populated\">\n\t\t\t\t\t\t<div class=\"elementor-element elementor-element-072310e elementor-widget elementor-widget-heading\" data-id=\"072310e\" data-element_type=\"widget\" data-e-type=\"widget\" data-widget_type=\"heading.default\">\n\t\t\t\t<div class=\"elementor-widget-container\">\n\t\t\t\t\t<h2 class=\"elementor-heading-title elementor-size-default\">Nasza Metoda oraz Nasz Cel<\/h2>\t\t\t\t<\/div>\n\t\t\t\t<\/div>\n\t\t\t\t<section class=\"elementor-section elementor-inner-section elementor-element elementor-element-4221f32 elementor-section-boxed elementor-section-height-default elementor-section-height-default\" data-id=\"4221f32\" data-element_type=\"section\" data-e-type=\"section\" data-settings=\"{&quot;background_background&quot;:&quot;classic&quot;}\">\n\t\t\t\t\t\t<div class=\"elementor-container elementor-column-gap-wider\">\n\t\t\t\t\t<div class=\"elementor-column elementor-col-50 elementor-inner-column elementor-element elementor-element-4c348ed\" data-id=\"4c348ed\" data-element_type=\"column\" data-e-type=\"column\" data-settings=\"{&quot;background_background&quot;:&quot;classic&quot;}\">\n\t\t\t<div class=\"elementor-widget-wrap elementor-element-populated\">\n\t\t\t\t\t\t<div class=\"elementor-element elementor-element-a5ab3e1 elementor-widget elementor-widget-text-editor\" data-id=\"a5ab3e1\" data-element_type=\"widget\" data-e-type=\"widget\" data-widget_type=\"text-editor.default\">\n\t\t\t\t<div class=\"elementor-widget-container\">\n\t\t\t\t\t\t\t\t\t<p><strong>NASZA METODA<\/strong><\/p><p><strong>Metoda St. Elizabeth Seton English School ma na celu\u00a0<\/strong><span style=\"font-size: 16px;\">zapewnienie wszystkim uczniom rozwoju intelektualnego i duchowego przy pomocy skoncentrowanego na Chrystusie programu nauczania angielskiego, aby sprosta\u0107 wyzwaniom naukowym i zawodowym dwudziestego pierwszego wieku.<\/span><\/p><p>Najwa\u017cniejsze jest to, \u017ce SESES koncentruje si\u0119 na warto\u015bciach rodziny i wierze chrze\u015bcija\u0144skiej jako podstawy edukacji. Podobnie jak ameryka\u0144ski program szko\u0142y St. Elizabeth Ann Seton, SESES stara si\u0119 zjednoczy\u0107 wiar\u0119 katolick\u0105, rodzin\u0119 i warto\u015bci chrze\u015bcija\u0144skie jako podstaw\u0119 swojego programu edukacyjnego. Jednak w przeciwie\u0144stwie do ameryka\u0144skiego programu, SESES koncentruje si\u0119 na programie nauczania angielskiego i dostosowuje go do dzieci i m\u0142odzie\u017cy, dla kt\u00f3rej angielski jest drugim j\u0119zykiem. M\u0142odzi nieangloj\u0119zyczni odnosz\u0105 wi\u0119ksze korzy\u015bci, gdy mog\u0105 \u015bmia\u0142o twierdzi\u0107, \u017ce angielski jest r\u00f3wnie\u017c ich w\u0142asnym j\u0119zykiem. Dzi\u0119ki dostosowaniu i dzieleniu si\u0119 chrze\u015bcija\u0144sk\u0105 mi\u0142o\u015bci\u0105 do dzieci i m\u0142odzie\u017cy, SESES stara si\u0119 przynosi\u0107 korzy\u015bci m\u0142odym z ca\u0142ego \u015bwiata, aby pom\u00f3c im odkry\u0107 j\u0119zyk angielski jako sw\u00f3j w\u0142asny.<\/p><p>W tym celu SESES szkoli nauczycieli programem American St. Elizabeth Ann Seton English, aby tworzy\u0107 lekcje oparte na j\u0119zyku rodzimym i skutecznie przynie\u015b\u0107 naturalny sens znajomo\u015bci j\u0119zyka angielskiego w spos\u00f3b, w jaki dzieci i m\u0142odzie\u017c w ameryka\u0144skim domu.<\/p><p><span style=\"font-size: 16px;\">\u00a0<\/span><\/p>\t\t\t\t\t\t\t\t<\/div>\n\t\t\t\t<\/div>\n\t\t\t\t\t<\/div>\n\t\t<\/div>\n\t\t\t\t<div class=\"elementor-column elementor-col-50 elementor-inner-column elementor-element elementor-element-07373d7\" data-id=\"07373d7\" data-element_type=\"column\" data-e-type=\"column\">\n\t\t\t<div class=\"elementor-widget-wrap elementor-element-populated\">\n\t\t\t\t\t\t<div class=\"elementor-element elementor-element-940e35d elementor-widget elementor-widget-text-editor\" data-id=\"940e35d\" data-element_type=\"widget\" data-e-type=\"widget\" data-widget_type=\"text-editor.default\">\n\t\t\t\t<div class=\"elementor-widget-container\">\n\t\t\t\t\t\t\t\t\t<p><strong>NASZ CEL<\/strong><\/p><p><strong>Celem szko\u0142y St. Elizabeth Seton English School jest podnoszenie umiej\u0119tno\u015bci czytania, pisania i jako\u015bci nauczania j\u0119zyka angielskiego m\u0142odych Polak\u00f3w.<\/strong><\/p><p>Dzi\u015b, bardziej ni\u017c kiedykolwiek, edukacja j\u0119zyka angielskiego jest wa\u017cna dla przysz\u0142ych potrzeb polskich dzieci i m\u0142odzie\u017cy. Kiedy polska m\u0142odzie\u017c osi\u0105ga wiek studencki i zaczyna prac\u0119, coraz cz\u0119\u015bciej pos\u0142ugiwanie si\u0119 j\u0119zykiem angielskiem staje si\u0119 konieczno\u015bci\u0105  w komunikacji ze \u015bwiatem.<\/p><p>Gdy m\u0142odzie\u017c polska staje si\u0119 doros\u0142a, cz\u0119sto wymaga si\u0119 od nich zdawania trudnych egzamin\u00f3w i certyfikat\u00f3w z j\u0119zyka angielskiego; pisania tez, artyku\u0142\u00f3w i tekst\u00f3w r\u00f3\u017cnego rodzaju; prowadzenia komunikacji; czytania, s\u0142uchania, rozumienia. Potrzebuj\u0105 zaufania, aby u\u017cywa\u0107 angielskiego tak, jakby zawsze by\u0142 ich w\u0142asnym j\u0119zykiem.<\/p><p>Celem St. Elizabeth Seton English School jest pomoc polskiej m\u0142odzie\u017cy w zdobyciu zaufania w nauce j\u0119zyka angielskiego i potraktowania go jako w\u0142asnego j\u0119zyka. Staramy si\u0119 spe\u0142ni\u0107 te potrzeby w oparciu o chrze\u015bcija\u0144sk\u0105 dyscyplin\u0119, kt\u00f3ra przynosi im prawo do angielskiego w taki sam spos\u00f3b, w jaki kochaj\u0105ca ameryka\u0144ska rodzina uczy\u0142aby swoje w\u0142asne dzieci w domu.\u00a0 \u00a0<\/p><p>Lepsze jutro dla m\u0142odych Polak\u00f3w i wiary w j\u0119zyk angielski jest mo\u017cliwe. Do\u0142\u0105cz do nas na tej drodze, aby m\u0142odzi osi\u0105gn\u0119li sukces w zrozumieniu angielskiego.<\/p>\t\t\t\t\t\t\t\t<\/div>\n\t\t\t\t<\/div>\n\t\t\t\t\t<\/div>\n\t\t<\/div>\n\t\t\t\t\t<\/div>\n\t\t<\/section>\n\t\t\t\t\t<\/div>\n\t\t<\/div>\n\t\t\t\t\t<\/div>\n\t\t<\/section>\n\t\t\t\t<\/div>","protected":false},"excerpt":{"rendered":"<p>Our Method and Goal for Youth OUR METHOD St. Elizabeth Seton English School&#8217;s method seeks\u00a0to ensure that all of its students thrive intellectually and spiritually using a Christ-centered, English learning program to meet the academic and vocational challenges of the twenty-first century. What is most important is that SESES focuses on the values of family [&hellip;]<\/p>\n","protected":false},"author":1,"featured_media":0,"parent":0,"menu_order":0,"comment_status":"closed","ping_status":"closed","template":"elementor_header_footer","meta":{"ocean_post_layout":"","ocean_both_sidebars_style":"","ocean_both_sidebars_content_width":0,"ocean_both_sidebars_sidebars_width":0,"ocean_sidebar":"0","ocean_second_sidebar":"0","ocean_disable_margins":"enable","ocean_add_body_class":"","ocean_shortcode_before_top_bar":"","ocean_shortcode_after_top_bar":"","ocean_shortcode_before_header":"","ocean_shortcode_after_header":"","ocean_has_shortcode":"","ocean_shortcode_after_title":"","ocean_shortcode_before_footer_widgets":"","ocean_shortcode_after_footer_widgets":"","ocean_shortcode_before_footer_bottom":"","ocean_shortcode_after_footer_bottom":"","ocean_display_top_bar":"default","ocean_display_header":"default","ocean_header_style":"","ocean_center_header_left_menu":"0","ocean_custom_header_template":"0","ocean_custom_logo":0,"ocean_custom_retina_logo":0,"ocean_custom_logo_max_width":0,"ocean_custom_logo_tablet_max_width":0,"ocean_custom_logo_mobile_max_width":0,"ocean_custom_logo_max_height":0,"ocean_custom_logo_tablet_max_height":0,"ocean_custom_logo_mobile_max_height":0,"ocean_header_custom_menu":"0","ocean_menu_typo_font_family":"0","ocean_menu_typo_font_subset":"","ocean_menu_typo_font_size":0,"ocean_menu_typo_font_size_tablet":0,"ocean_menu_typo_font_size_mobile":0,"ocean_menu_typo_font_size_unit":"px","ocean_menu_typo_font_weight":"","ocean_menu_typo_font_weight_tablet":"","ocean_menu_typo_font_weight_mobile":"","ocean_menu_typo_transform":"","ocean_menu_typo_transform_tablet":"","ocean_menu_typo_transform_mobile":"","ocean_menu_typo_line_height":0,"ocean_menu_typo_line_height_tablet":0,"ocean_menu_typo_line_height_mobile":0,"ocean_menu_typo_line_height_unit":"","ocean_menu_typo_spacing":0,"ocean_menu_typo_spacing_tablet":0,"ocean_menu_typo_spacing_mobile":0,"ocean_menu_typo_spacing_unit":"","ocean_menu_link_color":"","ocean_menu_link_color_hover":"","ocean_menu_link_color_active":"","ocean_menu_link_background":"","ocean_menu_link_hover_background":"","ocean_menu_link_active_background":"","ocean_menu_social_links_bg":"","ocean_menu_social_hover_links_bg":"","ocean_menu_social_links_color":"","ocean_menu_social_hover_links_color":"","ocean_disable_title":"default","ocean_disable_heading":"default","ocean_post_title":"","ocean_post_subheading":"","ocean_post_title_style":"","ocean_post_title_background_color":"","ocean_post_title_background":0,"ocean_post_title_bg_image_position":"","ocean_post_title_bg_image_attachment":"","ocean_post_title_bg_image_repeat":"","ocean_post_title_bg_image_size":"","ocean_post_title_height":0,"ocean_post_title_bg_overlay":0.5,"ocean_post_title_bg_overlay_color":"","ocean_disable_breadcrumbs":"default","ocean_breadcrumbs_color":"","ocean_breadcrumbs_separator_color":"","ocean_breadcrumbs_links_color":"","ocean_breadcrumbs_links_hover_color":"","ocean_display_footer_widgets":"default","ocean_display_footer_bottom":"default","ocean_custom_footer_template":"0","footnotes":""},"class_list":["post-659","page","type-page","status-publish","hentry","entry","owp-thumbs-layout-horizontal","owp-btn-normal","owp-tabs-layout-horizontal","has-no-thumbnails","has-product-nav"],"_links":{"self":[{"href":"https:\/\/setonschool.pl\/pl\/wp-json\/wp\/v2\/pages\/659","targetHints":{"allow":["GET"]}}],"collection":[{"href":"https:\/\/setonschool.pl\/pl\/wp-json\/wp\/v2\/pages"}],"about":[{"href":"https:\/\/setonschool.pl\/pl\/wp-json\/wp\/v2\/types\/page"}],"author":[{"embeddable":true,"href":"https:\/\/setonschool.pl\/pl\/wp-json\/wp\/v2\/users\/1"}],"replies":[{"embeddable":true,"href":"https:\/\/setonschool.pl\/pl\/wp-json\/wp\/v2\/comments?post=659"}],"version-history":[{"count":54,"href":"https:\/\/setonschool.pl\/pl\/wp-json\/wp\/v2\/pages\/659\/revisions"}],"predecessor-version":[{"id":2666,"href":"https:\/\/setonschool.pl\/pl\/wp-json\/wp\/v2\/pages\/659\/revisions\/2666"}],"wp:attachment":[{"href":"https:\/\/setonschool.pl\/pl\/wp-json\/wp\/v2\/media?parent=659"}],"curies":[{"name":"wp","href":"https:\/\/api.w.org\/{rel}","templated":true}]}}