{"id":798,"date":"2018-10-07T14:03:17","date_gmt":"2018-10-07T14:03:17","guid":{"rendered":"https:\/\/setonschool.pl\/?page_id=798"},"modified":"2018-10-14T14:19:39","modified_gmt":"2018-10-14T14:19:39","slug":"donate-to-st-elizabeth-seton-english-school","status":"publish","type":"page","link":"https:\/\/setonschool.pl\/pl\/donate-to-st-elizabeth-seton-english-school\/","title":{"rendered":"Przeka\u017c darowizn\u0119 St. Elizabeth Seton English School"},"content":{"rendered":"<div data-elementor-type=\"wp-post\" data-elementor-id=\"798\" class=\"elementor elementor-798 elementor-bc-flex-widget\">\n\t\t\t\t\t\t<section class=\"elementor-section elementor-top-section elementor-element elementor-element-b33093d elementor-section-boxed elementor-section-height-default elementor-section-height-default\" data-id=\"b33093d\" data-element_type=\"section\" data-e-type=\"section\" data-settings=\"{&quot;background_background&quot;:&quot;classic&quot;}\">\n\t\t\t\t\t\t\t<div class=\"elementor-background-overlay\"><\/div>\n\t\t\t\t\t\t\t<div class=\"elementor-container elementor-column-gap-default\">\n\t\t\t\t\t<div class=\"elementor-column elementor-col-100 elementor-top-column elementor-element elementor-element-7d96b84\" data-id=\"7d96b84\" data-element_type=\"column\" data-e-type=\"column\">\n\t\t\t<div class=\"elementor-widget-wrap elementor-element-populated\">\n\t\t\t\t\t\t<div class=\"elementor-element elementor-element-58b91a3 elementor-widget elementor-widget-heading\" data-id=\"58b91a3\" data-element_type=\"widget\" data-e-type=\"widget\" data-widget_type=\"heading.default\">\n\t\t\t\t<div class=\"elementor-widget-container\">\n\t\t\t\t\t<h2 class=\"elementor-heading-title elementor-size-default\">Przeka\u017c darowizn\u0119 St. Elizabeth Seton English School<\/h2>\t\t\t\t<\/div>\n\t\t\t\t<\/div>\n\t\t\t\t<section class=\"elementor-section elementor-inner-section elementor-element elementor-element-37a8952 elementor-section-boxed elementor-section-height-default elementor-section-height-default\" data-id=\"37a8952\" data-element_type=\"section\" data-e-type=\"section\">\n\t\t\t\t\t\t<div class=\"elementor-container elementor-column-gap-default\">\n\t\t\t\t\t<div class=\"elementor-column elementor-col-50 elementor-inner-column elementor-element elementor-element-be4b810\" data-id=\"be4b810\" data-element_type=\"column\" data-e-type=\"column\">\n\t\t\t<div class=\"elementor-widget-wrap elementor-element-populated\">\n\t\t\t\t\t\t<div class=\"elementor-element elementor-element-0989a3e elementor-widget elementor-widget-text-editor\" data-id=\"0989a3e\" data-element_type=\"widget\" data-e-type=\"widget\" data-widget_type=\"text-editor.default\">\n\t\t\t\t<div class=\"elementor-widget-container\">\n\t\t\t\t\t\t\t\t\t<p><strong>Pom\u00f3\u017c St. Elizabeth Seton English School podnie\u015b\u0107 jako\u015b\u0107 edukacji angielskiego polskiej m\u0142odzie\u017cy.<\/strong><\/p><p>Dzi\u015b, bardziej ni\u017c kiedykolwiek, edukacja j\u0119zyka angielskiego jest wa\u017cna dla przysz\u0142ych potrzeb polskich dzieci i m\u0142odzie\u017cy. Kiedy polska m\u0142odzie\u017c osi\u0105ga wiek studencki i zaczyna prac\u0119, coraz cz\u0119\u015bciej pos\u0142ugiwanie si\u0119 j\u0119zykiem angielskiem staje si\u0119 konieczno\u015bci\u0105  w komunikacji ze \u015bwiatem.<\/p><p>Gdy m\u0142odzie\u017c polska staje si\u0119 doros\u0142a, cz\u0119sto wymaga si\u0119 od nich zdawania trudnych egzamin\u00f3w i certyfikat\u00f3w z j\u0119zyka angielskiego; pisania tez, artyku\u0142\u00f3w i tekst\u00f3w r\u00f3\u017cnego rodzaju; prowadzenia komunikacji; czytania, s\u0142uchania, rozumienia. Potrzebuj\u0105 zaufania, aby u\u017cywa\u0107 angielskiego tak, jakby zawsze by\u0142 ich w\u0142asnym j\u0119zykiem.\u00a0\u00a0<\/p><p>Celem szko\u0142y St. Elizabeth Seton English School jest zaspokojenie tych potrzeb w oparciu o chrze\u015bcija\u0144sk\u0105 dyscyplin\u0119, kt\u00f3ra przynosi im prawo do angielskiego w taki sam spos\u00f3b, w jaki kochaj\u0105ca ameryka\u0144ska rodzina uczy swoje dzieci w domu.\u00a0 \u00a0<\/p><p>Lepsze jutro dla polskich dzieci i wiara w j\u0119zyk angielski jest mo\u017cliwa. Dzisiaj, czy mo\u017cesz pom\u00f3c?<\/p>\t\t\t\t\t\t\t\t<\/div>\n\t\t\t\t<\/div>\n\t\t\t\t\t<\/div>\n\t\t<\/div>\n\t\t\t\t<div class=\"elementor-column elementor-col-50 elementor-inner-column elementor-element elementor-element-b8ab019\" data-id=\"b8ab019\" data-element_type=\"column\" data-e-type=\"column\">\n\t\t\t<div class=\"elementor-widget-wrap elementor-element-populated\">\n\t\t\t\t\t\t<div class=\"elementor-element elementor-element-28909c0 elementor-products-grid elementor-wc-products elementor-widget elementor-widget-wc-products\" data-id=\"28909c0\" data-element_type=\"widget\" data-e-type=\"widget\" data-widget_type=\"wc-products.classic\">\n\t\t\t\t<div class=\"elementor-widget-container\">\n\t\t\t\t\t<div class=\"woocommerce columns-4\">\r\n<ul class=\"products oceanwp-row clr grid tablet-col tablet-2-col mobile-col mobile-1-col\">\r\n<li class=\"entry product has-product-nav col span_1_of_4 owp-content-center owp-thumbs-layout-horizontal owp-btn-normal owp-tabs-layout-horizontal type-product post-1538 status-publish first instock product_cat-uncategorized sold-individually purchasable product-type-variable\">\n\t\n<div data-item_id=\"1538\" data-action=\"alg-wc-wl-toggle\" class=\"alg-wc-wl-btn add alg-wc-wl-thumb-btn alg-wc-wl-thumb-btn-abs alg-wc-wl-thumb-btn-loop\">\n\t<div class=\"alg-wc-wl-view-state alg-wc-wl-view-state-add\">\n\t\t<i class=\"fas fa-heart\" aria-hidden=\"true\"><\/i>\n\t<\/div>\n\t<div class=\"alg-wc-wl-view-state alg-wc-wl-view-state-remove\">\n\t\t<i class=\"fas fa-heart\" aria-hidden=\"true\"><\/i>\n\t<\/div>\n\t\t\t<i class=\"loading fas fa-sync-alt fa-spin fa-fw\"><\/i>\n\t<\/div><div class=\"product-inner clr\"><div class=\"woo-entry-image clr\"><img decoding=\"async\" src=\"https:\/\/setonschool.pl\/wp-content\/uploads\/woocommerce-placeholder.png\" alt=\"Placeholder Image\" class=\"woo-entry-image-main\" \/><\/div><ul class=\"woo-entry-inner clr\"><li class=\"image-wrap\"><div class=\"woo-entry-image clr\"><img decoding=\"async\" src=\"https:\/\/setonschool.pl\/wp-content\/uploads\/woocommerce-placeholder.png\" alt=\"Placeholder Image\" class=\"woo-entry-image-main\" \/><\/div><\/li><li class=\"category\"><a href=\"https:\/\/setonschool.pl\/pl\/kategoria-produktu\/uncategorized\/\" rel=\"tag\">Uncategorized<\/a><\/li><li class=\"title\"><h2><a href=\"https:\/\/setonschool.pl\/pl\/produkt\/donation\/\">Donation<\/a><\/h2><\/li><li class=\"price-wrap\">\n<\/li><li class=\"rating\"><\/li><li class=\"btn-wrap clr\"><a href=\"https:\/\/setonschool.pl\/pl\/produkt\/donation\/\" aria-describedby=\"woocommerce_loop_add_to_cart_link_describedby_1538\" data-quantity=\"1\" class=\"button product_type_variable add_to_cart_button\" data-product_id=\"1538\" data-product_sku=\"\" aria-label=\"Wybierz opcje dla \u201cDonation\u201d\" rel=\"nofollow\" data-product_price=\"\" data-product_name=\"Donation\" data-google_product_id=\"\" data-no-translation=\"\" data-trp-gettext=\"\" data-no-translation-aria-label=\"\">Czytaj dalej<\/a>\t<span id=\"woocommerce_loop_add_to_cart_link_describedby_1538\" class=\"screen-reader-text\">\n\t\tTen produkt ma wiele wariant\u00f3w. Opcje mo\u017cna wybra\u0107 na stronie produktu\t<\/span>\n<\/li><\/ul><\/div><!-- .product-inner .clr --><\/li>\n<\/ul>\n<\/div>\t\t\t\t<\/div>\n\t\t\t\t<\/div>\n\t\t\t\t\t<\/div>\n\t\t<\/div>\n\t\t\t\t\t<\/div>\n\t\t<\/section>\n\t\t\t\t\t<\/div>\n\t\t<\/div>\n\t\t\t\t\t<\/div>\n\t\t<\/section>\n\t\t\t\t<\/div>","protected":false},"excerpt":{"rendered":"<p>Donate to St. Elizabeth Seton English School Help St. Elizabeth Seton English School increase English literacy and quality English education for Polish youth. Today, more than ever, English education is important for the future needs of Polish children and youth.\u00a0 When Polish youth reach University age and enter the workplace they find increasingly a necessity [&hellip;]<\/p>\n","protected":false},"author":1,"featured_media":0,"parent":0,"menu_order":0,"comment_status":"closed","ping_status":"closed","template":"elementor_header_footer","meta":{"ocean_post_layout":"","ocean_both_sidebars_style":"","ocean_both_sidebars_content_width":0,"ocean_both_sidebars_sidebars_width":0,"ocean_sidebar":"0","ocean_second_sidebar":"0","ocean_disable_margins":"enable","ocean_add_body_class":"","ocean_shortcode_before_top_bar":"","ocean_shortcode_after_top_bar":"","ocean_shortcode_before_header":"","ocean_shortcode_after_header":"","ocean_has_shortcode":"","ocean_shortcode_after_title":"","ocean_shortcode_before_footer_widgets":"","ocean_shortcode_after_footer_widgets":"","ocean_shortcode_before_footer_bottom":"","ocean_shortcode_after_footer_bottom":"","ocean_display_top_bar":"default","ocean_display_header":"default","ocean_header_style":"","ocean_center_header_left_menu":"0","ocean_custom_header_template":"0","ocean_custom_logo":0,"ocean_custom_retina_logo":0,"ocean_custom_logo_max_width":0,"ocean_custom_logo_tablet_max_width":0,"ocean_custom_logo_mobile_max_width":0,"ocean_custom_logo_max_height":0,"ocean_custom_logo_tablet_max_height":0,"ocean_custom_logo_mobile_max_height":0,"ocean_header_custom_menu":"0","ocean_menu_typo_font_family":"0","ocean_menu_typo_font_subset":"","ocean_menu_typo_font_size":0,"ocean_menu_typo_font_size_tablet":0,"ocean_menu_typo_font_size_mobile":0,"ocean_menu_typo_font_size_unit":"px","ocean_menu_typo_font_weight":"","ocean_menu_typo_font_weight_tablet":"","ocean_menu_typo_font_weight_mobile":"","ocean_menu_typo_transform":"","ocean_menu_typo_transform_tablet":"","ocean_menu_typo_transform_mobile":"","ocean_menu_typo_line_height":0,"ocean_menu_typo_line_height_tablet":0,"ocean_menu_typo_line_height_mobile":0,"ocean_menu_typo_line_height_unit":"","ocean_menu_typo_spacing":0,"ocean_menu_typo_spacing_tablet":0,"ocean_menu_typo_spacing_mobile":0,"ocean_menu_typo_spacing_unit":"","ocean_menu_link_color":"","ocean_menu_link_color_hover":"","ocean_menu_link_color_active":"","ocean_menu_link_background":"","ocean_menu_link_hover_background":"","ocean_menu_link_active_background":"","ocean_menu_social_links_bg":"","ocean_menu_social_hover_links_bg":"","ocean_menu_social_links_color":"","ocean_menu_social_hover_links_color":"","ocean_disable_title":"default","ocean_disable_heading":"default","ocean_post_title":"","ocean_post_subheading":"","ocean_post_title_style":"","ocean_post_title_background_color":"","ocean_post_title_background":0,"ocean_post_title_bg_image_position":"","ocean_post_title_bg_image_attachment":"","ocean_post_title_bg_image_repeat":"","ocean_post_title_bg_image_size":"","ocean_post_title_height":0,"ocean_post_title_bg_overlay":0.5,"ocean_post_title_bg_overlay_color":"","ocean_disable_breadcrumbs":"default","ocean_breadcrumbs_color":"","ocean_breadcrumbs_separator_color":"","ocean_breadcrumbs_links_color":"","ocean_breadcrumbs_links_hover_color":"","ocean_display_footer_widgets":"default","ocean_display_footer_bottom":"default","ocean_custom_footer_template":"0","footnotes":""},"class_list":["post-798","page","type-page","status-publish","hentry","entry","owp-thumbs-layout-horizontal","owp-btn-normal","owp-tabs-layout-horizontal","has-product-nav"],"_links":{"self":[{"href":"https:\/\/setonschool.pl\/pl\/wp-json\/wp\/v2\/pages\/798","targetHints":{"allow":["GET"]}}],"collection":[{"href":"https:\/\/setonschool.pl\/pl\/wp-json\/wp\/v2\/pages"}],"about":[{"href":"https:\/\/setonschool.pl\/pl\/wp-json\/wp\/v2\/types\/page"}],"author":[{"embeddable":true,"href":"https:\/\/setonschool.pl\/pl\/wp-json\/wp\/v2\/users\/1"}],"replies":[{"embeddable":true,"href":"https:\/\/setonschool.pl\/pl\/wp-json\/wp\/v2\/comments?post=798"}],"version-history":[{"count":27,"href":"https:\/\/setonschool.pl\/pl\/wp-json\/wp\/v2\/pages\/798\/revisions"}],"predecessor-version":[{"id":1569,"href":"https:\/\/setonschool.pl\/pl\/wp-json\/wp\/v2\/pages\/798\/revisions\/1569"}],"wp:attachment":[{"href":"https:\/\/setonschool.pl\/pl\/wp-json\/wp\/v2\/media?parent=798"}],"curies":[{"name":"wp","href":"https:\/\/api.w.org\/{rel}","templated":true}]}}